{"id":11311,"date":"2023-01-25T10:15:37","date_gmt":"2023-01-25T09:15:37","guid":{"rendered":"https:\/\/cleura.com\/?page_id=11311"},"modified":"2025-10-23T09:53:59","modified_gmt":"2025-10-23T07:53:59","slug":"kunder","status":"publish","type":"page","link":"https:\/\/cleura.com\/sv\/kunder\/","title":{"rendered":"Kunder"},"content":{"rendered":"<div id=\"cs-content\" class=\"cs-content\"><div class=\"x-section e11311-e1 m8q7-0 m8q7-1\"><div class=\"x-row x-container max width e11311-e2 m8q7-4 m8q7-5 m8q7-6 m8q7-7 m8q7-b\"><div class=\"x-row-inner\"><div class=\"x-col e11311-e3 m8q7-e m8q7-f m8q7-g m8q7-h\"><div class=\"x-text x-text-headline e11311-e4 m8q7-m m8q7-n m8q7-o m8q7-p\"><div class=\"x-text-content\"><div class=\"x-text-content-text\"><h1 class=\"x-text-content-text-primary\">Kundreferenser<\/h1>\n<\/div><\/div><\/div><div class=\"x-text x-content e11311-e5 m8q7-s m8q7-t m8q7-u m8q7-v m8q7-w m8q7-x\">Dessa kundreferenser visar hur f\u00f6retag i olika branscher har uppn\u00e5tt m\u00e4tbara resultat med Cleura. Anv\u00e4ndningen av IaaS v\u00e4xer snabbt globalt, vilket framg\u00e5r i denna <a href=\"https:\/\/one.oecd.org\/document\/DAF\/COMP\/WD%282025%2920\/en\/pdf\">OECD-rapport<\/a>, som lyfter fram molninfrastrukturens v\u00e4xande roll i digital omst\u00e4llning.\n<br><\/br>\nUtforska alla v\u00e5ra kundreferenser och se hur f\u00f6retag l\u00f6ser verkliga utmaningar.<\/div><\/div><\/div><\/div><div class=\"x-row x-container max width e11311-e6 m8q7-4 m8q7-5 m8q7-8 m8q7-9 m8q7-c\"><div class=\"x-row-inner\"><a class=\"x-col e11311-e7 m8q7-e m8q7-g m8q7-i m8q7-3\" href=\"https:\/\/cleura.com\/sv\/kunder\/meaplus\/\" data-x-effect-provider=\"colors particles effects\" data-x-effect=\"{&quot;durationBase&quot;:&quot;300ms&quot;}\"><div class=\"x-div e11311-e8 m8q7-12 m8q7-13 m8q7-14 m8q7-15\"><div class=\"x-div e11311-e9 m8q7-13 m8q7-14 m8q7-15 m8q7-16 m8q7-17 m8q7-18\"><\/div><span class=\"x-image e11311-e10 m8q7-1v\"><img decoding=\"async\" src=\"https:\/\/cleura.com\/wp-content\/uploads\/2025\/05\/mp-start-2-2-1024.jpg\" width=\"512\" height=\"342\" alt=\"Image\" loading=\"lazy\"><\/span><div class=\"x-div e11311-e11 m8q7-12 m8q7-13 m8q7-14 m8q7-19 m8q7-1a\"><div class=\"x-text x-text-headline e11311-e12 m8q7-m m8q7-n m8q7-q\"><div class=\"x-text-content\"><div class=\"x-text-content-text\"><h2 class=\"x-text-content-text-primary\">Meaplus - Fr\u00e5n kund till strategisk tillv\u00e4xtpartner med Cleura Compliant Cloud\n<\/h2>\n<\/div><\/div><\/div><\/div><\/div><div class=\"x-div e11311-e13 m8q7-12 m8q7-13 m8q7-14 m8q7-1a m8q7-1b\"><div class=\"x-text x-content e11311-e14 m8q7-t m8q7-v m8q7-y m8q7-z\">Meaplus<\/div><\/div><\/a><a class=\"x-col e11311-e15 m8q7-e m8q7-g m8q7-i m8q7-3\" href=\"https:\/\/cleura.com\/sv\/kunder\/region-blekinge\/\" data-x-effect-provider=\"colors particles effects\" data-x-effect=\"{&quot;durationBase&quot;:&quot;300ms&quot;}\"><div class=\"x-div e11311-e16 m8q7-12 m8q7-13 m8q7-14 m8q7-15\"><div class=\"x-div e11311-e17 m8q7-13 m8q7-14 m8q7-15 m8q7-16 m8q7-17 m8q7-18\"><\/div><span class=\"x-image e11311-e18 m8q7-1v\"><img decoding=\"async\" src=\"https:\/\/cleura.com\/wp-content\/uploads\/2025\/05\/cleura-customer_case-region_blekinge.jpg\" width=\"960\" height=\"540\" alt=\"Cleura levererar navet f\u00f6r Region Blekinges digitala v\u00e5rd och omsorg\" loading=\"lazy\"><\/span><div class=\"x-div e11311-e19 m8q7-12 m8q7-13 m8q7-14 m8q7-19 m8q7-1a\"><div class=\"x-text x-text-headline e11311-e20 m8q7-m m8q7-n m8q7-q\"><div class=\"x-text-content\"><div class=\"x-text-content-text\"><h2 class=\"x-text-content-text-primary\">Cleura levererar navet f\u00f6r Region Blekinges digitala v\u00e5rd och omsorg\n<\/h2>\n<\/div><\/div><\/div><\/div><\/div><div class=\"x-div e11311-e21 m8q7-12 m8q7-13 m8q7-14 m8q7-1a m8q7-1b\"><div class=\"x-text x-content e11311-e22 m8q7-t m8q7-v m8q7-y m8q7-z\">Region Blekinge<\/div><\/div><\/a><a class=\"x-col e11311-e23 m8q7-e m8q7-g m8q7-i m8q7-3\" href=\"https:\/\/cleura.com\/sv\/kunder\/asthmatuner\/\" data-x-effect-provider=\"colors particles effects\" data-x-effect=\"{&quot;durationBase&quot;:&quot;300ms&quot;}\"><div class=\"x-div e11311-e24 m8q7-12 m8q7-13 m8q7-14 m8q7-15\"><div class=\"x-div e11311-e25 m8q7-13 m8q7-14 m8q7-15 m8q7-16 m8q7-17 m8q7-18\"><\/div><span class=\"x-image e11311-e26 m8q7-1v\"><img decoding=\"async\" src=\"https:\/\/cleura.com\/wp-content\/uploads\/2023\/05\/asthmatuner-background-2023.jpg\" width=\"775\" height=\"366\" alt=\"Image\" loading=\"lazy\"><\/span><div class=\"x-div e11311-e27 m8q7-12 m8q7-13 m8q7-14 m8q7-19 m8q7-1a\"><div class=\"x-text x-text-headline e11311-e28 m8q7-m m8q7-n m8q7-q\"><div class=\"x-text-content\"><div class=\"x-text-content-text\"><h2 class=\"x-text-content-text-primary\">Cleuras moln centralt n\u00e4r digitala v\u00e5rdtj\u00e4nsten AsthmaTuner hj\u00e4lper fler astmatiker till ett symptomfritt liv\n<\/h2>\n<\/div><\/div><\/div><\/div><\/div><div class=\"x-div e11311-e29 m8q7-12 m8q7-13 m8q7-14 m8q7-1a m8q7-1b\"><div class=\"x-text x-content e11311-e30 m8q7-t m8q7-v m8q7-y m8q7-z\">AsthmaTuner<\/div><\/div><\/a><a class=\"x-col e11311-e31 m8q7-e m8q7-g m8q7-i m8q7-3\" href=\"https:\/\/cleura.com\/sv\/kunder\/boost-ai\/\" data-x-effect-provider=\"colors particles effects\" data-x-effect=\"{&quot;durationBase&quot;:&quot;300ms&quot;}\"><div class=\"x-div e11311-e32 m8q7-12 m8q7-13 m8q7-14 m8q7-15\"><div class=\"x-div e11311-e33 m8q7-13 m8q7-14 m8q7-15 m8q7-16 m8q7-17 m8q7-18\"><\/div><span class=\"x-image e11311-e34 m8q7-1v\"><img decoding=\"async\" src=\"https:\/\/cleura.com\/wp-content\/uploads\/2023\/04\/customer-case-boost-ai-phone-chat-3.jpg\" width=\"600\" height=\"300\" alt=\"Image\" loading=\"lazy\"><\/span><div class=\"x-div e11311-e35 m8q7-12 m8q7-13 m8q7-14 m8q7-19 m8q7-1a\"><div class=\"x-text x-text-headline e11311-e36 m8q7-m m8q7-n m8q7-q\"><div class=\"x-text-content\"><div class=\"x-text-content-text\"><h2 class=\"x-text-content-text-primary\">Boost.ai attraherar nya kunder med Cleura Compliant Cloud\n<\/h2>\n<\/div><\/div><\/div><\/div><\/div><div class=\"x-div e11311-e37 m8q7-12 m8q7-13 m8q7-14 m8q7-1a m8q7-1b\"><div class=\"x-text x-content e11311-e38 m8q7-t m8q7-v m8q7-y m8q7-z\">Boost.ai<\/div><\/div><\/a><a class=\"x-col e11311-e39 m8q7-e m8q7-g m8q7-i m8q7-3\" href=\"https:\/\/cleura.com\/sv\/kunder\/clavister\/\" data-x-effect-provider=\"colors particles effects\" data-x-effect=\"{&quot;durationBase&quot;:&quot;300ms&quot;}\"><div class=\"x-div e11311-e40 m8q7-12 m8q7-13 m8q7-14 m8q7-15\"><div class=\"x-div e11311-e41 m8q7-13 m8q7-14 m8q7-15 m8q7-16 m8q7-17 m8q7-18\"><\/div><span class=\"x-image e11311-e42 m8q7-1v\"><img decoding=\"async\" src=\"https:\/\/cleura.com\/wp-content\/uploads\/2022\/04\/49344356_2317646318270033_6401207339424153600_n-1-1.png\" width=\"250\" height=\"122\" alt=\"Image\" loading=\"lazy\"><\/span><div class=\"x-div e11311-e43 m8q7-12 m8q7-13 m8q7-14 m8q7-19 m8q7-1a\"><div class=\"x-text x-text-headline e11311-e44 m8q7-m m8q7-n m8q7-q\"><div class=\"x-text-content\"><div class=\"x-text-content-text\"><h2 class=\"x-text-content-text-primary\">Clavister f\u00f6rlitar sig p\u00e5 Cleura f\u00f6r att leverera cybers\u00e4kerhet som en tj\u00e4nst\n<\/h2>\n<\/div><\/div><\/div><\/div><\/div><div class=\"x-div e11311-e45 m8q7-12 m8q7-13 m8q7-14 m8q7-1a m8q7-1b\"><div class=\"x-text x-content e11311-e46 m8q7-t m8q7-v m8q7-y m8q7-z\">Clavister<\/div><\/div><\/a><a class=\"x-col e11311-e47 m8q7-e m8q7-g m8q7-i m8q7-3\" href=\"https:\/\/cleura.com\/sv\/kunder\/miljodata\/\" data-x-effect-provider=\"colors particles effects\" data-x-effect=\"{&quot;durationBase&quot;:&quot;300ms&quot;}\"><div class=\"x-div e11311-e48 m8q7-12 m8q7-13 m8q7-14 m8q7-15\"><div class=\"x-div e11311-e49 m8q7-13 m8q7-14 m8q7-15 m8q7-16 m8q7-17 m8q7-18\"><\/div><span class=\"x-image e11311-e50 m8q7-1v\"><img decoding=\"async\" src=\"https:\/\/cleura.com\/wp-content\/uploads\/2023\/01\/Mijodata-Arbetsmiljo-1-web.jpg\" width=\"400\" height=\"266\" alt=\"Image\" loading=\"lazy\"><\/span><div class=\"x-div e11311-e51 m8q7-12 m8q7-13 m8q7-14 m8q7-19 m8q7-1a\"><div class=\"x-text x-text-headline e11311-e52 m8q7-m m8q7-n m8q7-q\"><div class=\"x-text-content\"><div class=\"x-text-content-text\"><h2 class=\"x-text-content-text-primary\">Milj\u00f6data f\u00f6rlitar sig p\u00e5 Cleura f\u00f6r 90 000 chefers arbetsmilj\u00f6arbete\n<\/h2>\n<\/div><\/div><\/div><\/div><\/div><div class=\"x-div e11311-e53 m8q7-12 m8q7-13 m8q7-14 m8q7-1a m8q7-1b\"><div id=\"pricing-list-test-cleura-11\" class=\"x-text x-content e11311-e54 m8q7-t m8q7-v m8q7-y m8q7-z\">Milj\u00f6data<\/div><\/div><\/a><a class=\"x-col e11311-e55 m8q7-e m8q7-g m8q7-i m8q7-3\" href=\"https:\/\/cleura.com\/sv\/kunder\/spintr\/\" data-x-effect-provider=\"colors particles effects\" data-x-effect=\"{&quot;durationBase&quot;:&quot;300ms&quot;}\"><div class=\"x-div e11311-e56 m8q7-12 m8q7-13 m8q7-14 m8q7-15\"><div class=\"x-div e11311-e57 m8q7-13 m8q7-14 m8q7-15 m8q7-16 m8q7-17 m8q7-18\"><\/div><span class=\"x-image e11311-e58 m8q7-1v\"><img decoding=\"async\" src=\"https:\/\/cleura.com\/wp-content\/uploads\/2025\/03\/cleura-customer_case-spintr-2.jpg\" width=\"1000\" height=\"562\" alt=\"Image\" loading=\"lazy\"><\/span><div class=\"x-div e11311-e59 m8q7-12 m8q7-13 m8q7-14 m8q7-19 m8q7-1a\"><div class=\"x-text x-text-headline e11311-e60 m8q7-m m8q7-n m8q7-q\"><div class=\"x-text-content\"><div class=\"x-text-content-text\"><h2 class=\"x-text-content-text-primary\">Spintr expanderar i Norden med innovativ SaaS-plattform och Cleura Public Cloud\n<\/h2>\n<\/div><\/div><\/div><\/div><\/div><div class=\"x-div e11311-e61 m8q7-12 m8q7-13 m8q7-14 m8q7-1a m8q7-1b\"><div class=\"x-text x-content e11311-e62 m8q7-t m8q7-v m8q7-y m8q7-z\">Spintr<\/div><\/div><\/a><\/div><\/div><div class=\"x-div e11311-e63 m8q7-13 m8q7-14 m8q7-15 m8q7-16 m8q7-18 m8q7-1c m8q7-1d\"><div class=\"x-div x-hide-lg x-hide-md x-hide-sm x-hide-xs e11311-e64 m8q7-13 m8q7-15 m8q7-16 m8q7-1e m8q7-1f m8q7-1g m8q7-1h m8q7-1i m8q7-1j m8q7-1k\"><\/div><div class=\"x-div e11311-e65 m8q7-13 m8q7-15 m8q7-16 m8q7-1d m8q7-1g m8q7-1h m8q7-1i m8q7-1j m8q7-1k m8q7-1l m8q7-1m\"><\/div><div class=\"x-div x-hide-sm x-hide-xs e11311-e66 m8q7-13 m8q7-15 m8q7-16 m8q7-1e m8q7-1g m8q7-1h m8q7-1n m8q7-1o m8q7-1p m8q7-1q\"><\/div><div class=\"x-div e11311-e67 m8q7-13 m8q7-15 m8q7-16 m8q7-1g m8q7-1j m8q7-1l m8q7-1p m8q7-1q m8q7-1r m8q7-1s\"><\/div><div class=\"x-div e11311-e68 m8q7-13 m8q7-15 m8q7-16 m8q7-1h m8q7-1j m8q7-1k m8q7-1n m8q7-1q m8q7-1r m8q7-1t\"><\/div><\/div><\/div><div class=\"x-section e11311-e69 m8q7-0 m8q7-2\" id=\"kontakt\"><div class=\"x-row x-container max width e11311-e70 m8q7-5 m8q7-7 m8q7-8 m8q7-a m8q7-d\"><div class=\"x-row-inner\"><div class=\"x-col e11311-e71 m8q7-g m8q7-h m8q7-j m8q7-k\"><div class=\"x-div e11311-e72 m8q7-13 m8q7-14 m8q7-15 m8q7-1u\"><div class=\"x-text x-text-headline e11311-e73 m8q7-m m8q7-p m8q7-r\"><div class=\"x-text-content\"><div class=\"x-text-content-text\"><h2 class=\"x-text-content-text-primary\">Kontakta oss<\/h2>\n<\/div><\/div><\/div><div class=\"x-text x-content e11311-e74 m8q7-t m8q7-v m8q7-w m8q7-x m8q7-z m8q7-10\">Kontakta v\u00e5rt team och b\u00f6rja din resa mot digital suver\u00e4nitet med Cleura - Det Europeiska Molnet.<\/div><\/div><\/div><div class=\"x-col e11311-e75 m8q7-g m8q7-h m8q7-k m8q7-l\"><div class=\"x-text x-content e11311-e76 m8q7-t m8q7-u m8q7-w m8q7-11 general-form\"><div class=\"wpforms-container wpforms-container-full general-contact\" id=\"wpforms-11301\"><form id=\"wpforms-form-11301\" class=\"wpforms-validate wpforms-form wpforms-ajax-form\" data-formid=\"11301\" method=\"post\" enctype=\"multipart\/form-data\" action=\"\/sv\/wp-json\/wp\/v2\/pages\/11311\" data-token=\"42285d634841028d41bd235a2217c0e5\" data-token-time=\"1776208680\"><noscript class=\"wpforms-error-noscript\">Aktivera JavaScript i din webbl\u00e4sare f\u00f6r att fylla i formul\u00e4ret.<\/noscript><div class=\"wpforms-field-container\"><div id=\"wpforms-11301-field_1-container\" class=\"wpforms-field wpforms-field-textarea\" data-field-id=\"1\"><label class=\"wpforms-field-label wpforms-label-hide\" for=\"wpforms-11301-field_1\">Hur kan vi hj\u00e4lpa till?<\/label><textarea id=\"wpforms-11301-field_1\" class=\"wpforms-field-large\" name=\"wpforms[fields][1]\" placeholder=\"Hur kan vi hj\u00e4lpa till? *\" ><\/textarea><\/div><div id=\"wpforms-11301-field_2-container\" class=\"wpforms-field wpforms-field-name\" data-field-id=\"2\"><label class=\"wpforms-field-label wpforms-label-hide\" for=\"wpforms-11301-field_2\">Namn <span class=\"wpforms-required-label\">*<\/span><\/label><input type=\"text\" id=\"wpforms-11301-field_2\" class=\"wpforms-field-large wpforms-field-required\" name=\"wpforms[fields][2]\" placeholder=\"Namn *\" required><\/div><div id=\"wpforms-11301-field_3-container\" class=\"wpforms-field wpforms-field-name\" data-field-id=\"3\"><label class=\"wpforms-field-label wpforms-label-hide\" for=\"wpforms-11301-field_3\">F\u00f6retag <span class=\"wpforms-required-label\">*<\/span><\/label><input type=\"text\" id=\"wpforms-11301-field_3\" class=\"wpforms-field-large wpforms-field-required\" name=\"wpforms[fields][3]\" placeholder=\"F\u00f6retag *\" required><\/div><div id=\"wpforms-11301-field_4-container\" class=\"wpforms-field wpforms-field-email\" data-field-id=\"4\"><label class=\"wpforms-field-label wpforms-label-hide\" for=\"wpforms-11301-field_4\">E-post <span class=\"wpforms-required-label\">*<\/span><\/label><input type=\"email\" id=\"wpforms-11301-field_4\" class=\"wpforms-field-large wpforms-field-required\" name=\"wpforms[fields][4]\" placeholder=\"E-post *\" spellcheck=\"false\" required><\/div><div id=\"wpforms-11301-field_7-container\" class=\"wpforms-field wpforms-field-html\" data-field-id=\"7\"><div id=\"wpforms-11301-field_7\">* Obligatoriskt\r\n<br \/><br \/>\r\nVi behandlar dina personuppgifter i enlighet med v\u00e5rt <a href=\"https:\/\/cleura.com\/sv\/privacy-notice\/\">integritetsmeddelande<\/a>.<\/div><\/div><\/div><!-- .wpforms-field-container --><div class=\"wpforms-submit-container\" ><input type=\"hidden\" name=\"wpforms[id]\" value=\"11301\"><input type=\"hidden\" name=\"page_title\" value=\"\"><input type=\"hidden\" name=\"page_url\" value=\"https:\/\/cleura.com\/sv\/wp-json\/wp\/v2\/pages\/11311\"><input type=\"hidden\" name=\"url_referer\" value=\"\"><div class=\"frc-captcha \" data-sitekey=\"FCMJ0U90J0RGUVD3\" data-lang=\"sv\" data-puzzle-endpoint=\"https:\/\/eu-api.friendlycaptcha.eu\/api\/v1\/puzzle\"><\/div>\n\t\t<noscript>You need to enable Javascript for the anti-spam check.<\/noscript><button type=\"submit\" name=\"wpforms[submit]\" id=\"wpforms-submit-11301\" class=\"wpforms-submit button-form\" data-alt-text=\"Skickar...\" data-submit-text=\"Skicka\" aria-live=\"assertive\" value=\"wpforms-submit\">Skicka<\/button><img loading=\"lazy\" decoding=\"async\" src=\"https:\/\/cleura.com\/wp-content\/plugins\/wpforms\/assets\/images\/submit-spin.svg\" class=\"wpforms-submit-spinner\" style=\"display: none;\" width=\"26\" height=\"26\" alt=\"Laddar\"><\/div><\/form><\/div>  <!-- .wpforms-container -->\t<\/div><\/div><\/div><\/div><\/div><\/div>","protected":false},"excerpt":{"rendered":"<p>Kundreferenser Dessa kundreferenser visar hur f\u00f6retag i olika branscher har uppn\u00e5tt m\u00e4tbara resultat med Cleura. Anv\u00e4ndningen av IaaS v\u00e4xer snabbt globalt, vilket framg\u00e5r i denna OECD-rapport, som lyfter fram molninfrastrukturens v\u00e4xande roll i digital omst\u00e4llning. Utforska alla v\u00e5ra kundreferenser och se hur f\u00f6retag l\u00f6ser verkliga utmaningar.Meaplus &#8211; Fr\u00e5n kund till strategisk tillv\u00e4xtpartner med Cleura Compliant Cloud MeaplusCleura levererar navet f\u00f6r &#8230; <\/p>\n<div><a href=\"https:\/\/cleura.com\/sv\/kunder\/\" class=\"more-link\">Read More<\/a><\/div>\n","protected":false},"author":1,"featured_media":0,"parent":0,"menu_order":0,"comment_status":"closed","ping_status":"closed","template":"template-blank-4.php","meta":{"footnotes":""},"class_list":["post-11311","page","type-page","status-publish","hentry","no-post-thumbnail"],"yoast_head":"<!-- This site is optimized with the Yoast SEO Premium plugin v27.3 (Yoast SEO v27.3) - https:\/\/yoast.com\/product\/yoast-seo-premium-wordpress\/ -->\n<title>Kundreferenser \u2013 Verkliga resultat med Cleura<\/title>\n<meta name=\"description\" content=\"Utforska kundreferenser fr\u00e5n verkliga Cleura-kunder. Se hur f\u00f6retag l\u00f6ste utmaningar och n\u00e5dde resultat med v\u00e5ra IaaS-l\u00f6sningar.\" \/>\n<meta name=\"robots\" content=\"index, follow, max-snippet:-1, max-image-preview:large, max-video-preview:-1\" \/>\n<link rel=\"canonical\" href=\"https:\/\/cleura.com\/sv\/kunder\/\" \/>\n<meta property=\"og:locale\" content=\"sv_SE\" \/>\n<meta property=\"og:type\" content=\"article\" \/>\n<meta property=\"og:title\" content=\"Kunder\" \/>\n<meta property=\"og:description\" content=\"Utforska kundreferenser fr\u00e5n verkliga Cleura-kunder. Se hur f\u00f6retag l\u00f6ste utmaningar och n\u00e5dde resultat med v\u00e5ra IaaS-l\u00f6sningar.\" \/>\n<meta property=\"og:url\" content=\"https:\/\/cleura.com\/sv\/kunder\/\" \/>\n<meta property=\"og:site_name\" content=\"Cleura\" \/>\n<meta property=\"article:publisher\" content=\"https:\/\/www.facebook.com\/CleuraCloud\" \/>\n<meta property=\"article:modified_time\" content=\"2025-10-23T07:53:59+00:00\" \/>\n<meta property=\"og:image\" content=\"https:\/\/cleura.com\/wp-content\/uploads\/2025\/05\/mp-start-2-2-1024.jpg\" \/>\n<meta name=\"twitter:card\" content=\"summary_large_image\" \/>\n<meta name=\"twitter:site\" content=\"@cleuracloud\" \/>\n<meta name=\"twitter:label1\" content=\"Ber\u00e4knad l\u00e4stid\" \/>\n\t<meta name=\"twitter:data1\" content=\"3 minuter\" \/>\n<script type=\"application\/ld+json\" class=\"yoast-schema-graph\">{\"@context\":\"https:\\\/\\\/schema.org\",\"@graph\":[{\"@type\":\"WebPage\",\"@id\":\"https:\\\/\\\/cleura.com\\\/sv\\\/kunder\\\/\",\"url\":\"https:\\\/\\\/cleura.com\\\/sv\\\/kunder\\\/\",\"name\":\"Kundreferenser \u2013 Verkliga resultat med Cleura\",\"isPartOf\":{\"@id\":\"https:\\\/\\\/cleura.com\\\/sv\\\/#website\"},\"primaryImageOfPage\":{\"@id\":\"https:\\\/\\\/cleura.com\\\/sv\\\/kunder\\\/#primaryimage\"},\"image\":{\"@id\":\"https:\\\/\\\/cleura.com\\\/sv\\\/kunder\\\/#primaryimage\"},\"thumbnailUrl\":\"https:\\\/\\\/cleura.com\\\/wp-content\\\/uploads\\\/2025\\\/05\\\/mp-start-2-2-1024.jpg\",\"datePublished\":\"2023-01-25T09:15:37+00:00\",\"dateModified\":\"2025-10-23T07:53:59+00:00\",\"description\":\"Utforska kundreferenser fr\u00e5n verkliga Cleura-kunder. Se hur f\u00f6retag l\u00f6ste utmaningar och n\u00e5dde resultat med v\u00e5ra IaaS-l\u00f6sningar.\",\"breadcrumb\":{\"@id\":\"https:\\\/\\\/cleura.com\\\/sv\\\/kunder\\\/#breadcrumb\"},\"inLanguage\":\"sv-SE\",\"potentialAction\":[{\"@type\":\"ReadAction\",\"target\":[\"https:\\\/\\\/cleura.com\\\/sv\\\/kunder\\\/\"]}]},{\"@type\":\"ImageObject\",\"inLanguage\":\"sv-SE\",\"@id\":\"https:\\\/\\\/cleura.com\\\/sv\\\/kunder\\\/#primaryimage\",\"url\":\"https:\\\/\\\/cleura.com\\\/wp-content\\\/uploads\\\/2025\\\/05\\\/mp-start-2-2-1024.jpg\",\"contentUrl\":\"https:\\\/\\\/cleura.com\\\/wp-content\\\/uploads\\\/2025\\\/05\\\/mp-start-2-2-1024.jpg\"},{\"@type\":\"BreadcrumbList\",\"@id\":\"https:\\\/\\\/cleura.com\\\/sv\\\/kunder\\\/#breadcrumb\",\"itemListElement\":[{\"@type\":\"ListItem\",\"position\":1,\"name\":\"Hem\",\"item\":\"https:\\\/\\\/cleura.com\\\/sv\\\/cleura-det-europeiska-molnet\\\/\"},{\"@type\":\"ListItem\",\"position\":2,\"name\":\"Kunder\"}]},{\"@type\":\"WebSite\",\"@id\":\"https:\\\/\\\/cleura.com\\\/sv\\\/#website\",\"url\":\"https:\\\/\\\/cleura.com\\\/sv\\\/\",\"name\":\"Cleura\",\"description\":\"Freedom to innovate\",\"publisher\":{\"@id\":\"https:\\\/\\\/cleura.com\\\/sv\\\/#organization\"},\"potentialAction\":[{\"@type\":\"SearchAction\",\"target\":{\"@type\":\"EntryPoint\",\"urlTemplate\":\"https:\\\/\\\/cleura.com\\\/sv\\\/?s={search_term_string}\"},\"query-input\":{\"@type\":\"PropertyValueSpecification\",\"valueRequired\":true,\"valueName\":\"search_term_string\"}}],\"inLanguage\":\"sv-SE\"},{\"@type\":\"Organization\",\"@id\":\"https:\\\/\\\/cleura.com\\\/sv\\\/#organization\",\"name\":\"Cleura\",\"url\":\"https:\\\/\\\/cleura.com\\\/sv\\\/\",\"logo\":{\"@type\":\"ImageObject\",\"inLanguage\":\"sv-SE\",\"@id\":\"https:\\\/\\\/cleura.com\\\/sv\\\/#\\\/schema\\\/logo\\\/image\\\/\",\"url\":\"https:\\\/\\\/cleura.com\\\/wp-content\\\/uploads\\\/2022\\\/04\\\/Cleura-Logotyp-Svart.png\",\"contentUrl\":\"https:\\\/\\\/cleura.com\\\/wp-content\\\/uploads\\\/2022\\\/04\\\/Cleura-Logotyp-Svart.png\",\"width\":1000,\"height\":237,\"caption\":\"Cleura\"},\"image\":{\"@id\":\"https:\\\/\\\/cleura.com\\\/sv\\\/#\\\/schema\\\/logo\\\/image\\\/\"},\"sameAs\":[\"https:\\\/\\\/www.facebook.com\\\/CleuraCloud\",\"https:\\\/\\\/x.com\\\/cleuracloud\",\"https:\\\/\\\/www.linkedin.com\\\/company\\\/cleura\",\"https:\\\/\\\/www.youtube.com\\\/c\\\/Cleura\"]}]}<\/script>\n<!-- \/ Yoast SEO Premium plugin. -->","yoast_head_json":{"title":"Kundreferenser \u2013 Verkliga resultat med Cleura","description":"Utforska kundreferenser fr\u00e5n verkliga Cleura-kunder. Se hur f\u00f6retag l\u00f6ste utmaningar och n\u00e5dde resultat med v\u00e5ra IaaS-l\u00f6sningar.","robots":{"index":"index","follow":"follow","max-snippet":"max-snippet:-1","max-image-preview":"max-image-preview:large","max-video-preview":"max-video-preview:-1"},"canonical":"https:\/\/cleura.com\/sv\/kunder\/","og_locale":"sv_SE","og_type":"article","og_title":"Kunder","og_description":"Utforska kundreferenser fr\u00e5n verkliga Cleura-kunder. Se hur f\u00f6retag l\u00f6ste utmaningar och n\u00e5dde resultat med v\u00e5ra IaaS-l\u00f6sningar.","og_url":"https:\/\/cleura.com\/sv\/kunder\/","og_site_name":"Cleura","article_publisher":"https:\/\/www.facebook.com\/CleuraCloud","article_modified_time":"2025-10-23T07:53:59+00:00","og_image":[{"url":"https:\/\/cleura.com\/wp-content\/uploads\/2025\/05\/mp-start-2-2-1024.jpg","type":"","width":"","height":""}],"twitter_card":"summary_large_image","twitter_site":"@cleuracloud","twitter_misc":{"Ber\u00e4knad l\u00e4stid":"3 minuter"},"schema":{"@context":"https:\/\/schema.org","@graph":[{"@type":"WebPage","@id":"https:\/\/cleura.com\/sv\/kunder\/","url":"https:\/\/cleura.com\/sv\/kunder\/","name":"Kundreferenser \u2013 Verkliga resultat med Cleura","isPartOf":{"@id":"https:\/\/cleura.com\/sv\/#website"},"primaryImageOfPage":{"@id":"https:\/\/cleura.com\/sv\/kunder\/#primaryimage"},"image":{"@id":"https:\/\/cleura.com\/sv\/kunder\/#primaryimage"},"thumbnailUrl":"https:\/\/cleura.com\/wp-content\/uploads\/2025\/05\/mp-start-2-2-1024.jpg","datePublished":"2023-01-25T09:15:37+00:00","dateModified":"2025-10-23T07:53:59+00:00","description":"Utforska kundreferenser fr\u00e5n verkliga Cleura-kunder. Se hur f\u00f6retag l\u00f6ste utmaningar och n\u00e5dde resultat med v\u00e5ra IaaS-l\u00f6sningar.","breadcrumb":{"@id":"https:\/\/cleura.com\/sv\/kunder\/#breadcrumb"},"inLanguage":"sv-SE","potentialAction":[{"@type":"ReadAction","target":["https:\/\/cleura.com\/sv\/kunder\/"]}]},{"@type":"ImageObject","inLanguage":"sv-SE","@id":"https:\/\/cleura.com\/sv\/kunder\/#primaryimage","url":"https:\/\/cleura.com\/wp-content\/uploads\/2025\/05\/mp-start-2-2-1024.jpg","contentUrl":"https:\/\/cleura.com\/wp-content\/uploads\/2025\/05\/mp-start-2-2-1024.jpg"},{"@type":"BreadcrumbList","@id":"https:\/\/cleura.com\/sv\/kunder\/#breadcrumb","itemListElement":[{"@type":"ListItem","position":1,"name":"Hem","item":"https:\/\/cleura.com\/sv\/cleura-det-europeiska-molnet\/"},{"@type":"ListItem","position":2,"name":"Kunder"}]},{"@type":"WebSite","@id":"https:\/\/cleura.com\/sv\/#website","url":"https:\/\/cleura.com\/sv\/","name":"Cleura","description":"Freedom to innovate","publisher":{"@id":"https:\/\/cleura.com\/sv\/#organization"},"potentialAction":[{"@type":"SearchAction","target":{"@type":"EntryPoint","urlTemplate":"https:\/\/cleura.com\/sv\/?s={search_term_string}"},"query-input":{"@type":"PropertyValueSpecification","valueRequired":true,"valueName":"search_term_string"}}],"inLanguage":"sv-SE"},{"@type":"Organization","@id":"https:\/\/cleura.com\/sv\/#organization","name":"Cleura","url":"https:\/\/cleura.com\/sv\/","logo":{"@type":"ImageObject","inLanguage":"sv-SE","@id":"https:\/\/cleura.com\/sv\/#\/schema\/logo\/image\/","url":"https:\/\/cleura.com\/wp-content\/uploads\/2022\/04\/Cleura-Logotyp-Svart.png","contentUrl":"https:\/\/cleura.com\/wp-content\/uploads\/2022\/04\/Cleura-Logotyp-Svart.png","width":1000,"height":237,"caption":"Cleura"},"image":{"@id":"https:\/\/cleura.com\/sv\/#\/schema\/logo\/image\/"},"sameAs":["https:\/\/www.facebook.com\/CleuraCloud","https:\/\/x.com\/cleuracloud","https:\/\/www.linkedin.com\/company\/cleura","https:\/\/www.youtube.com\/c\/Cleura"]}]}},"_links":{"self":[{"href":"https:\/\/cleura.com\/sv\/wp-json\/wp\/v2\/pages\/11311","targetHints":{"allow":["GET"]}}],"collection":[{"href":"https:\/\/cleura.com\/sv\/wp-json\/wp\/v2\/pages"}],"about":[{"href":"https:\/\/cleura.com\/sv\/wp-json\/wp\/v2\/types\/page"}],"author":[{"embeddable":true,"href":"https:\/\/cleura.com\/sv\/wp-json\/wp\/v2\/users\/1"}],"replies":[{"embeddable":true,"href":"https:\/\/cleura.com\/sv\/wp-json\/wp\/v2\/comments?post=11311"}],"version-history":[{"count":12,"href":"https:\/\/cleura.com\/sv\/wp-json\/wp\/v2\/pages\/11311\/revisions"}],"predecessor-version":[{"id":28178,"href":"https:\/\/cleura.com\/sv\/wp-json\/wp\/v2\/pages\/11311\/revisions\/28178"}],"wp:attachment":[{"href":"https:\/\/cleura.com\/sv\/wp-json\/wp\/v2\/media?parent=11311"}],"curies":[{"name":"wp","href":"https:\/\/api.w.org\/{rel}","templated":true}]}}