{"id":19341,"date":"2024-09-12T10:30:23","date_gmt":"2024-09-12T08:30:23","guid":{"rendered":"https:\/\/cleura.com\/thanks-swedish\/"},"modified":"2025-08-22T08:31:21","modified_gmt":"2025-08-22T06:31:21","slug":"tack","status":"publish","type":"page","link":"https:\/\/cleura.com\/sv\/tack\/","title":{"rendered":"Tack"},"content":{"rendered":"<div id=\"cs-content\" class=\"cs-content\"><div class=\"x-section e19341-e1 mex9-0 mex9-1 header-sub-menu\" id=\"HeaderSubMenu\"><div class=\"x-row x-container max width e19341-e2 mex9-3 mex9-4 mex9-6 mex9-7\"><div class=\"x-row-inner\"><div class=\"x-col e19341-e3 mex9-9 mex9-a\"><div class=\"cs-content x-global-block x-global-block-8803 e19341-e4\"><div class=\"x-section e8803-e2 m6sj-0 header-sub-menu\" id=\"HeaderSubMenu\"><div class=\"x-row e8803-e3 m6sj-1 m6sj-2\"><div class=\"x-row-inner\"><div class=\"x-col e8803-e4 m6sj-3\"><nav class=\"x-crumbs e8803-e5 m6sj-5\" role=\"navigation\"><ol class=\"x-crumbs-list\" itemscope=\"\" itemtype=\"http:\/\/schema.org\/BreadcrumbList\" aria-label=\"Breadcrumb Navigation\"><li class=\"x-crumbs-list-item\" itemprop=\"itemListElement\" itemscope itemtype=\"http:\/\/schema.org\/ListItem\"><a class=\"x-crumbs-current x-crumbs-link\" itemtype=\"http:\/\/schema.org\/Thing\" itemprop=\"item\" href=\"https:\/\/cleura.com\/sv\/\" title=\"You Are Here\"><span itemprop=\"name\">Cleura<\/span><\/a><meta itemprop=\"position\" content=\"1\"><\/li><\/ol><\/nav><\/div><div class=\"x-col e8803-e6 m6sj-3 m6sj-4\"><\/div><\/div><\/div><\/div><\/div><\/div><\/div><\/div><\/div><div class=\"x-section e19341-e5 mex9-0 mex9-2 top-content\"><div class=\"x-row x-container max width e19341-e6 mex9-3 mex9-5 mex9-6 mex9-8\"><div class=\"x-row-inner\"><div class=\"x-col e19341-e7 mex9-9 mex9-b\"><div class=\"x-text x-text-headline e19341-e8 mex9-c\"><div class=\"x-text-content\"><div class=\"x-text-content-text\"><h1 class=\"x-text-content-text-primary\">Tack f\u00f6r att du anv\u00e4nt v\u00e5r guide!<\/h1>\n<\/div><\/div><\/div><div class=\"x-text x-content e19341-e9 mex9-d\">Vi har skickat en kopia av v\u00e5ra rekommendationer till din e-postadress.<\/div><\/div><\/div><\/div><\/div><\/div>","protected":false},"excerpt":{"rendered":"<p>CleuraTack f\u00f6r att du anv\u00e4nt v\u00e5r guide! Vi har skickat en kopia av v\u00e5ra rekommendationer till din e-postadress.<\/p>\n","protected":false},"author":1,"featured_media":0,"parent":0,"menu_order":0,"comment_status":"closed","ping_status":"closed","template":"template-blank-4.php","meta":{"footnotes":""},"class_list":["post-19341","page","type-page","status-publish","hentry","no-post-thumbnail"],"yoast_head":"<!-- This site is optimized with the Yoast SEO Premium plugin v27.3 (Yoast SEO v27.3) - https:\/\/yoast.com\/product\/yoast-seo-premium-wordpress\/ -->\n<title>Tack - Cleura<\/title>\n<meta name=\"robots\" content=\"index, follow, max-snippet:-1, max-image-preview:large, max-video-preview:-1\" \/>\n<link rel=\"canonical\" href=\"https:\/\/cleura.com\/sv\/tack\/\" \/>\n<meta property=\"og:locale\" content=\"sv_SE\" \/>\n<meta property=\"og:type\" content=\"article\" \/>\n<meta property=\"og:title\" content=\"Tack\" \/>\n<meta property=\"og:description\" content=\"CleuraTack f\u00f6r att du anv\u00e4nt v\u00e5r guide! Vi har skickat en kopia av v\u00e5ra rekommendationer till din e-postadress.\" \/>\n<meta property=\"og:url\" content=\"https:\/\/cleura.com\/sv\/tack\/\" \/>\n<meta property=\"og:site_name\" content=\"Cleura\" \/>\n<meta property=\"article:publisher\" content=\"https:\/\/www.facebook.com\/CleuraCloud\" \/>\n<meta property=\"article:modified_time\" content=\"2025-08-22T06:31:21+00:00\" \/>\n<meta property=\"og:image\" content=\"https:\/\/cleura.com\/wp-content\/uploads\/2022\/04\/SoMe-Cleura-2022-2.png\" \/>\n\t<meta property=\"og:image:width\" content=\"1200\" \/>\n\t<meta property=\"og:image:height\" content=\"627\" \/>\n\t<meta property=\"og:image:type\" content=\"image\/png\" \/>\n<meta name=\"twitter:card\" content=\"summary_large_image\" \/>\n<meta name=\"twitter:site\" content=\"@cleuracloud\" \/>\n<script type=\"application\/ld+json\" class=\"yoast-schema-graph\">{\"@context\":\"https:\\\/\\\/schema.org\",\"@graph\":[{\"@type\":\"WebPage\",\"@id\":\"https:\\\/\\\/cleura.com\\\/sv\\\/tack\\\/\",\"url\":\"https:\\\/\\\/cleura.com\\\/sv\\\/tack\\\/\",\"name\":\"Tack - Cleura\",\"isPartOf\":{\"@id\":\"https:\\\/\\\/cleura.com\\\/sv\\\/#website\"},\"datePublished\":\"2024-09-12T08:30:23+00:00\",\"dateModified\":\"2025-08-22T06:31:21+00:00\",\"breadcrumb\":{\"@id\":\"https:\\\/\\\/cleura.com\\\/sv\\\/tack\\\/#breadcrumb\"},\"inLanguage\":\"sv-SE\",\"potentialAction\":[{\"@type\":\"ReadAction\",\"target\":[\"https:\\\/\\\/cleura.com\\\/sv\\\/tack\\\/\"]}]},{\"@type\":\"BreadcrumbList\",\"@id\":\"https:\\\/\\\/cleura.com\\\/sv\\\/tack\\\/#breadcrumb\",\"itemListElement\":[{\"@type\":\"ListItem\",\"position\":1,\"name\":\"Hem\",\"item\":\"https:\\\/\\\/cleura.com\\\/sv\\\/cleura-det-europeiska-molnet\\\/\"},{\"@type\":\"ListItem\",\"position\":2,\"name\":\"Tack\"}]},{\"@type\":\"WebSite\",\"@id\":\"https:\\\/\\\/cleura.com\\\/sv\\\/#website\",\"url\":\"https:\\\/\\\/cleura.com\\\/sv\\\/\",\"name\":\"Cleura\",\"description\":\"Freedom to innovate\",\"publisher\":{\"@id\":\"https:\\\/\\\/cleura.com\\\/sv\\\/#organization\"},\"potentialAction\":[{\"@type\":\"SearchAction\",\"target\":{\"@type\":\"EntryPoint\",\"urlTemplate\":\"https:\\\/\\\/cleura.com\\\/sv\\\/?s={search_term_string}\"},\"query-input\":{\"@type\":\"PropertyValueSpecification\",\"valueRequired\":true,\"valueName\":\"search_term_string\"}}],\"inLanguage\":\"sv-SE\"},{\"@type\":\"Organization\",\"@id\":\"https:\\\/\\\/cleura.com\\\/sv\\\/#organization\",\"name\":\"Cleura\",\"url\":\"https:\\\/\\\/cleura.com\\\/sv\\\/\",\"logo\":{\"@type\":\"ImageObject\",\"inLanguage\":\"sv-SE\",\"@id\":\"https:\\\/\\\/cleura.com\\\/sv\\\/#\\\/schema\\\/logo\\\/image\\\/\",\"url\":\"https:\\\/\\\/cleura.com\\\/wp-content\\\/uploads\\\/2022\\\/04\\\/Cleura-Logotyp-Svart.png\",\"contentUrl\":\"https:\\\/\\\/cleura.com\\\/wp-content\\\/uploads\\\/2022\\\/04\\\/Cleura-Logotyp-Svart.png\",\"width\":1000,\"height\":237,\"caption\":\"Cleura\"},\"image\":{\"@id\":\"https:\\\/\\\/cleura.com\\\/sv\\\/#\\\/schema\\\/logo\\\/image\\\/\"},\"sameAs\":[\"https:\\\/\\\/www.facebook.com\\\/CleuraCloud\",\"https:\\\/\\\/x.com\\\/cleuracloud\",\"https:\\\/\\\/www.linkedin.com\\\/company\\\/cleura\",\"https:\\\/\\\/www.youtube.com\\\/c\\\/Cleura\"]}]}<\/script>\n<!-- \/ Yoast SEO Premium plugin. -->","yoast_head_json":{"title":"Tack - Cleura","robots":{"index":"index","follow":"follow","max-snippet":"max-snippet:-1","max-image-preview":"max-image-preview:large","max-video-preview":"max-video-preview:-1"},"canonical":"https:\/\/cleura.com\/sv\/tack\/","og_locale":"sv_SE","og_type":"article","og_title":"Tack","og_description":"CleuraTack f\u00f6r att du anv\u00e4nt v\u00e5r guide! Vi har skickat en kopia av v\u00e5ra rekommendationer till din e-postadress.","og_url":"https:\/\/cleura.com\/sv\/tack\/","og_site_name":"Cleura","article_publisher":"https:\/\/www.facebook.com\/CleuraCloud","article_modified_time":"2025-08-22T06:31:21+00:00","og_image":[{"width":1200,"height":627,"url":"https:\/\/cleura.com\/wp-content\/uploads\/2022\/04\/SoMe-Cleura-2022-2.png","type":"image\/png"}],"twitter_card":"summary_large_image","twitter_site":"@cleuracloud","schema":{"@context":"https:\/\/schema.org","@graph":[{"@type":"WebPage","@id":"https:\/\/cleura.com\/sv\/tack\/","url":"https:\/\/cleura.com\/sv\/tack\/","name":"Tack - Cleura","isPartOf":{"@id":"https:\/\/cleura.com\/sv\/#website"},"datePublished":"2024-09-12T08:30:23+00:00","dateModified":"2025-08-22T06:31:21+00:00","breadcrumb":{"@id":"https:\/\/cleura.com\/sv\/tack\/#breadcrumb"},"inLanguage":"sv-SE","potentialAction":[{"@type":"ReadAction","target":["https:\/\/cleura.com\/sv\/tack\/"]}]},{"@type":"BreadcrumbList","@id":"https:\/\/cleura.com\/sv\/tack\/#breadcrumb","itemListElement":[{"@type":"ListItem","position":1,"name":"Hem","item":"https:\/\/cleura.com\/sv\/cleura-det-europeiska-molnet\/"},{"@type":"ListItem","position":2,"name":"Tack"}]},{"@type":"WebSite","@id":"https:\/\/cleura.com\/sv\/#website","url":"https:\/\/cleura.com\/sv\/","name":"Cleura","description":"Freedom to innovate","publisher":{"@id":"https:\/\/cleura.com\/sv\/#organization"},"potentialAction":[{"@type":"SearchAction","target":{"@type":"EntryPoint","urlTemplate":"https:\/\/cleura.com\/sv\/?s={search_term_string}"},"query-input":{"@type":"PropertyValueSpecification","valueRequired":true,"valueName":"search_term_string"}}],"inLanguage":"sv-SE"},{"@type":"Organization","@id":"https:\/\/cleura.com\/sv\/#organization","name":"Cleura","url":"https:\/\/cleura.com\/sv\/","logo":{"@type":"ImageObject","inLanguage":"sv-SE","@id":"https:\/\/cleura.com\/sv\/#\/schema\/logo\/image\/","url":"https:\/\/cleura.com\/wp-content\/uploads\/2022\/04\/Cleura-Logotyp-Svart.png","contentUrl":"https:\/\/cleura.com\/wp-content\/uploads\/2022\/04\/Cleura-Logotyp-Svart.png","width":1000,"height":237,"caption":"Cleura"},"image":{"@id":"https:\/\/cleura.com\/sv\/#\/schema\/logo\/image\/"},"sameAs":["https:\/\/www.facebook.com\/CleuraCloud","https:\/\/x.com\/cleuracloud","https:\/\/www.linkedin.com\/company\/cleura","https:\/\/www.youtube.com\/c\/Cleura"]}]}},"_links":{"self":[{"href":"https:\/\/cleura.com\/sv\/wp-json\/wp\/v2\/pages\/19341","targetHints":{"allow":["GET"]}}],"collection":[{"href":"https:\/\/cleura.com\/sv\/wp-json\/wp\/v2\/pages"}],"about":[{"href":"https:\/\/cleura.com\/sv\/wp-json\/wp\/v2\/types\/page"}],"author":[{"embeddable":true,"href":"https:\/\/cleura.com\/sv\/wp-json\/wp\/v2\/users\/1"}],"replies":[{"embeddable":true,"href":"https:\/\/cleura.com\/sv\/wp-json\/wp\/v2\/comments?post=19341"}],"version-history":[{"count":5,"href":"https:\/\/cleura.com\/sv\/wp-json\/wp\/v2\/pages\/19341\/revisions"}],"predecessor-version":[{"id":25887,"href":"https:\/\/cleura.com\/sv\/wp-json\/wp\/v2\/pages\/19341\/revisions\/25887"}],"wp:attachment":[{"href":"https:\/\/cleura.com\/sv\/wp-json\/wp\/v2\/media?parent=19341"}],"curies":[{"name":"wp","href":"https:\/\/api.w.org\/{rel}","templated":true}]}}