{"id":19358,"date":"2024-09-12T10:53:18","date_gmt":"2024-09-12T08:53:18","guid":{"rendered":"https:\/\/cleura.com\/thanks-swedish\/"},"modified":"2025-11-13T09:58:00","modified_gmt":"2025-11-13T08:58:00","slug":"tack","status":"publish","type":"page","link":"https:\/\/cleura.com\/sv\/tack\/","title":{"rendered":"Tack"},"content":{"rendered":"<div id=\"cs-content\" class=\"cs-content\"><div class=\"x-section e19358-e1 mexq-0 top-content\"><div class=\"x-bg\" aria-hidden=\"true\"><div class=\"x-bg-layer-lower-image\"><\/div><div class=\"x-bg-layer-upper-color\"><\/div><\/div><div class=\"x-row x-container max width e19358-e2 mexq-1 mexq-2\"><div class=\"x-row-inner\"><div class=\"x-col e19358-e3 mexq-3\"><div class=\"x-text x-text-headline e19358-e4 mexq-4\"><div class=\"x-text-content\"><div class=\"x-text-content-text\"><h1 class=\"x-text-content-text-primary\">Tack f\u00f6r din f\u00f6rfr\u00e5gan!\n<\/h1>\n<\/div><\/div><\/div><div class=\"x-text x-content e19358-e5 mexq-5\"><strong>Vi \u00e5terkommer inom kort...<\/strong><\/div><\/div><\/div><\/div><\/div><\/div>","protected":false},"excerpt":{"rendered":"<p>Tack f\u00f6r din f\u00f6rfr\u00e5gan! Vi \u00e5terkommer inom kort&#8230;<\/p>\n","protected":false},"author":1,"featured_media":0,"parent":0,"menu_order":0,"comment_status":"closed","ping_status":"closed","template":"template-blank-4.php","meta":{"footnotes":""},"class_list":["post-19358","page","type-page","status-publish","hentry","no-post-thumbnail"],"yoast_head":"<!-- This site is optimized with the Yoast SEO Premium plugin v27.3 (Yoast SEO v27.3) - https:\/\/yoast.com\/product\/yoast-seo-premium-wordpress\/ -->\n<title>Tack - Cleura<\/title>\n<meta name=\"robots\" content=\"noindex, nofollow\" \/>\n<meta property=\"og:locale\" content=\"sv_SE\" \/>\n<meta property=\"og:type\" content=\"article\" \/>\n<meta property=\"og:title\" content=\"Tack\" \/>\n<meta property=\"og:description\" content=\"Tack f\u00f6r din f\u00f6rfr\u00e5gan! Vi \u00e5terkommer inom kort...\" \/>\n<meta property=\"og:url\" content=\"https:\/\/cleura.com\/sv\/tack\/\" \/>\n<meta property=\"og:site_name\" content=\"Cleura\" \/>\n<meta property=\"article:publisher\" content=\"https:\/\/www.facebook.com\/CleuraCloud\" \/>\n<meta property=\"article:modified_time\" content=\"2025-11-13T08:58:00+00:00\" \/>\n<meta property=\"og:image\" content=\"https:\/\/cleura.com\/wp-content\/uploads\/2022\/04\/SoMe-Cleura-2022-2.png\" \/>\n\t<meta property=\"og:image:width\" content=\"1200\" \/>\n\t<meta property=\"og:image:height\" content=\"627\" \/>\n\t<meta property=\"og:image:type\" content=\"image\/png\" \/>\n<meta name=\"twitter:card\" content=\"summary_large_image\" \/>\n<meta name=\"twitter:site\" content=\"@cleuracloud\" \/>\n<script type=\"application\/ld+json\" class=\"yoast-schema-graph\">{\"@context\":\"https:\\\/\\\/schema.org\",\"@graph\":[{\"@type\":\"WebPage\",\"@id\":\"https:\\\/\\\/cleura.com\\\/sv\\\/tack\\\/\",\"url\":\"https:\\\/\\\/cleura.com\\\/sv\\\/tack\\\/\",\"name\":\"Tack - Cleura\",\"isPartOf\":{\"@id\":\"https:\\\/\\\/cleura.com\\\/sv\\\/#website\"},\"datePublished\":\"2024-09-12T08:53:18+00:00\",\"dateModified\":\"2025-11-13T08:58:00+00:00\",\"breadcrumb\":{\"@id\":\"https:\\\/\\\/cleura.com\\\/sv\\\/tack\\\/#breadcrumb\"},\"inLanguage\":\"sv-SE\",\"potentialAction\":[{\"@type\":\"ReadAction\",\"target\":[\"https:\\\/\\\/cleura.com\\\/sv\\\/tack\\\/\"]}]},{\"@type\":\"BreadcrumbList\",\"@id\":\"https:\\\/\\\/cleura.com\\\/sv\\\/tack\\\/#breadcrumb\",\"itemListElement\":[{\"@type\":\"ListItem\",\"position\":1,\"name\":\"Hem\",\"item\":\"https:\\\/\\\/cleura.com\\\/sv\\\/cleura-det-europeiska-molnet\\\/\"},{\"@type\":\"ListItem\",\"position\":2,\"name\":\"Tack\"}]},{\"@type\":\"WebSite\",\"@id\":\"https:\\\/\\\/cleura.com\\\/sv\\\/#website\",\"url\":\"https:\\\/\\\/cleura.com\\\/sv\\\/\",\"name\":\"Cleura\",\"description\":\"Freedom to innovate\",\"publisher\":{\"@id\":\"https:\\\/\\\/cleura.com\\\/sv\\\/#organization\"},\"potentialAction\":[{\"@type\":\"SearchAction\",\"target\":{\"@type\":\"EntryPoint\",\"urlTemplate\":\"https:\\\/\\\/cleura.com\\\/sv\\\/?s={search_term_string}\"},\"query-input\":{\"@type\":\"PropertyValueSpecification\",\"valueRequired\":true,\"valueName\":\"search_term_string\"}}],\"inLanguage\":\"sv-SE\"},{\"@type\":\"Organization\",\"@id\":\"https:\\\/\\\/cleura.com\\\/sv\\\/#organization\",\"name\":\"Cleura\",\"url\":\"https:\\\/\\\/cleura.com\\\/sv\\\/\",\"logo\":{\"@type\":\"ImageObject\",\"inLanguage\":\"sv-SE\",\"@id\":\"https:\\\/\\\/cleura.com\\\/sv\\\/#\\\/schema\\\/logo\\\/image\\\/\",\"url\":\"https:\\\/\\\/cleura.com\\\/wp-content\\\/uploads\\\/2022\\\/04\\\/Cleura-Logotyp-Svart.png\",\"contentUrl\":\"https:\\\/\\\/cleura.com\\\/wp-content\\\/uploads\\\/2022\\\/04\\\/Cleura-Logotyp-Svart.png\",\"width\":1000,\"height\":237,\"caption\":\"Cleura\"},\"image\":{\"@id\":\"https:\\\/\\\/cleura.com\\\/sv\\\/#\\\/schema\\\/logo\\\/image\\\/\"},\"sameAs\":[\"https:\\\/\\\/www.facebook.com\\\/CleuraCloud\",\"https:\\\/\\\/x.com\\\/cleuracloud\",\"https:\\\/\\\/www.linkedin.com\\\/company\\\/cleura\",\"https:\\\/\\\/www.youtube.com\\\/c\\\/Cleura\"]}]}<\/script>\n<!-- \/ Yoast SEO Premium plugin. -->","yoast_head_json":{"title":"Tack - Cleura","robots":{"index":"noindex","follow":"nofollow"},"og_locale":"sv_SE","og_type":"article","og_title":"Tack","og_description":"Tack f\u00f6r din f\u00f6rfr\u00e5gan! Vi \u00e5terkommer inom kort...","og_url":"https:\/\/cleura.com\/sv\/tack\/","og_site_name":"Cleura","article_publisher":"https:\/\/www.facebook.com\/CleuraCloud","article_modified_time":"2025-11-13T08:58:00+00:00","og_image":[{"width":1200,"height":627,"url":"https:\/\/cleura.com\/wp-content\/uploads\/2022\/04\/SoMe-Cleura-2022-2.png","type":"image\/png"}],"twitter_card":"summary_large_image","twitter_site":"@cleuracloud","schema":{"@context":"https:\/\/schema.org","@graph":[{"@type":"WebPage","@id":"https:\/\/cleura.com\/sv\/tack\/","url":"https:\/\/cleura.com\/sv\/tack\/","name":"Tack - Cleura","isPartOf":{"@id":"https:\/\/cleura.com\/sv\/#website"},"datePublished":"2024-09-12T08:53:18+00:00","dateModified":"2025-11-13T08:58:00+00:00","breadcrumb":{"@id":"https:\/\/cleura.com\/sv\/tack\/#breadcrumb"},"inLanguage":"sv-SE","potentialAction":[{"@type":"ReadAction","target":["https:\/\/cleura.com\/sv\/tack\/"]}]},{"@type":"BreadcrumbList","@id":"https:\/\/cleura.com\/sv\/tack\/#breadcrumb","itemListElement":[{"@type":"ListItem","position":1,"name":"Hem","item":"https:\/\/cleura.com\/sv\/cleura-det-europeiska-molnet\/"},{"@type":"ListItem","position":2,"name":"Tack"}]},{"@type":"WebSite","@id":"https:\/\/cleura.com\/sv\/#website","url":"https:\/\/cleura.com\/sv\/","name":"Cleura","description":"Freedom to innovate","publisher":{"@id":"https:\/\/cleura.com\/sv\/#organization"},"potentialAction":[{"@type":"SearchAction","target":{"@type":"EntryPoint","urlTemplate":"https:\/\/cleura.com\/sv\/?s={search_term_string}"},"query-input":{"@type":"PropertyValueSpecification","valueRequired":true,"valueName":"search_term_string"}}],"inLanguage":"sv-SE"},{"@type":"Organization","@id":"https:\/\/cleura.com\/sv\/#organization","name":"Cleura","url":"https:\/\/cleura.com\/sv\/","logo":{"@type":"ImageObject","inLanguage":"sv-SE","@id":"https:\/\/cleura.com\/sv\/#\/schema\/logo\/image\/","url":"https:\/\/cleura.com\/wp-content\/uploads\/2022\/04\/Cleura-Logotyp-Svart.png","contentUrl":"https:\/\/cleura.com\/wp-content\/uploads\/2022\/04\/Cleura-Logotyp-Svart.png","width":1000,"height":237,"caption":"Cleura"},"image":{"@id":"https:\/\/cleura.com\/sv\/#\/schema\/logo\/image\/"},"sameAs":["https:\/\/www.facebook.com\/CleuraCloud","https:\/\/x.com\/cleuracloud","https:\/\/www.linkedin.com\/company\/cleura","https:\/\/www.youtube.com\/c\/Cleura"]}]}},"_links":{"self":[{"href":"https:\/\/cleura.com\/sv\/wp-json\/wp\/v2\/pages\/19358","targetHints":{"allow":["GET"]}}],"collection":[{"href":"https:\/\/cleura.com\/sv\/wp-json\/wp\/v2\/pages"}],"about":[{"href":"https:\/\/cleura.com\/sv\/wp-json\/wp\/v2\/types\/page"}],"author":[{"embeddable":true,"href":"https:\/\/cleura.com\/sv\/wp-json\/wp\/v2\/users\/1"}],"replies":[{"embeddable":true,"href":"https:\/\/cleura.com\/sv\/wp-json\/wp\/v2\/comments?post=19358"}],"version-history":[{"count":10,"href":"https:\/\/cleura.com\/sv\/wp-json\/wp\/v2\/pages\/19358\/revisions"}],"predecessor-version":[{"id":28832,"href":"https:\/\/cleura.com\/sv\/wp-json\/wp\/v2\/pages\/19358\/revisions\/28832"}],"wp:attachment":[{"href":"https:\/\/cleura.com\/sv\/wp-json\/wp\/v2\/media?parent=19358"}],"curies":[{"name":"wp","href":"https:\/\/api.w.org\/{rel}","templated":true}]}}