{"id":27611,"date":"2025-10-14T15:28:15","date_gmt":"2025-10-14T13:28:15","guid":{"rendered":"https:\/\/cleura.com\/?page_id=27611"},"modified":"2025-10-14T15:28:16","modified_gmt":"2025-10-14T13:28:16","slug":"aterkoppling","status":"publish","type":"page","link":"https:\/\/cleura.com\/sv\/aterkoppling\/","title":{"rendered":"Tack f\u00f6r din \u00e5terkoppling"},"content":{"rendered":"<div id=\"cs-content\" class=\"cs-content\"><div class=\"x-section e27611-e1 mlaz-0 top-content\"><div class=\"x-row x-container max width e27611-e2 mlaz-1 mlaz-2\"><div class=\"x-row-inner\"><div class=\"x-col e27611-e3 mlaz-3\"><div class=\"x-text x-text-headline e27611-e4 mlaz-4\"><div class=\"x-text-content\"><div class=\"x-text-content-text\"><h1 class=\"x-text-content-text-primary\">Tack f\u00f6r dina \u00e5sikter.\n<\/h1>\n<\/div><\/div><\/div><div class=\"x-text x-content e27611-e5 mlaz-5\">Din input hj\u00e4lper oss att fokusera p\u00e5 det som \u00e4r viktigast f\u00f6r v\u00e5ra kunder och f\u00f6rb\u00e4ttra hur vi levererar v\u00e5ra tj\u00e4nster.\n\n\n<br><\/br>\n\n- Team Cleura<\/div><\/div><\/div><\/div><div class=\"x-div e27611-e6 mlaz-6 mlaz-7 mlaz-8\"><div class=\"x-div x-hide-lg x-hide-md x-hide-sm x-hide-xs e27611-e7 mlaz-7 mlaz-9 mlaz-a mlaz-b mlaz-c mlaz-d mlaz-e mlaz-f\"><\/div><div class=\"x-div e27611-e8 mlaz-7 mlaz-8 mlaz-b mlaz-c mlaz-d mlaz-e mlaz-f mlaz-g mlaz-h\"><\/div><div class=\"x-div x-hide-sm x-hide-xs e27611-e9 mlaz-7 mlaz-9 mlaz-b mlaz-c mlaz-i mlaz-j mlaz-k mlaz-l\"><\/div><div class=\"x-div e27611-e10 mlaz-7 mlaz-b mlaz-e mlaz-g mlaz-k mlaz-l mlaz-m mlaz-n\"><\/div><div class=\"x-div e27611-e11 mlaz-7 mlaz-c mlaz-e mlaz-f mlaz-i mlaz-l mlaz-m mlaz-o\"><\/div><\/div><\/div><\/div>","protected":false},"excerpt":{"rendered":"<p>Tack f\u00f6r dina \u00e5sikter. Din input hj\u00e4lper oss att fokusera p\u00e5 det som \u00e4r viktigast f\u00f6r v\u00e5ra kunder och f\u00f6rb\u00e4ttra hur vi levererar v\u00e5ra tj\u00e4nster. &#8211; Team Cleura<\/p>\n","protected":false},"author":8,"featured_media":0,"parent":0,"menu_order":0,"comment_status":"closed","ping_status":"closed","template":"template-blank-4.php","meta":{"footnotes":""},"class_list":["post-27611","page","type-page","status-publish","hentry","no-post-thumbnail"],"yoast_head":"<!-- This site is optimized with the Yoast SEO Premium plugin v27.3 (Yoast SEO v27.3) - https:\/\/yoast.com\/product\/yoast-seo-premium-wordpress\/ -->\n<title>Tack f\u00f6r din \u00e5terkoppling - Cleura<\/title>\n<meta name=\"robots\" content=\"index, follow, max-snippet:-1, max-image-preview:large, max-video-preview:-1\" \/>\n<link rel=\"canonical\" href=\"https:\/\/cleura.com\/sv\/aterkoppling\/\" \/>\n<meta property=\"og:locale\" content=\"sv_SE\" \/>\n<meta property=\"og:type\" content=\"article\" \/>\n<meta property=\"og:title\" content=\"Tack f\u00f6r din \u00e5terkoppling\" \/>\n<meta property=\"og:description\" content=\"Tack f\u00f6r dina \u00e5sikter. Din input hj\u00e4lper oss att fokusera p\u00e5 det som \u00e4r viktigast f\u00f6r v\u00e5ra kunder och f\u00f6rb\u00e4ttra hur vi levererar v\u00e5ra tj\u00e4nster. - Team Cleura\" \/>\n<meta property=\"og:url\" content=\"https:\/\/cleura.com\/sv\/aterkoppling\/\" \/>\n<meta property=\"og:site_name\" content=\"Cleura\" \/>\n<meta property=\"article:publisher\" content=\"https:\/\/www.facebook.com\/CleuraCloud\" \/>\n<meta property=\"article:modified_time\" content=\"2025-10-14T13:28:16+00:00\" \/>\n<meta property=\"og:image\" content=\"https:\/\/cleura.com\/wp-content\/uploads\/2022\/04\/SoMe-Cleura-2022-2.png\" \/>\n\t<meta property=\"og:image:width\" content=\"1200\" \/>\n\t<meta property=\"og:image:height\" content=\"627\" \/>\n\t<meta property=\"og:image:type\" content=\"image\/png\" \/>\n<meta name=\"twitter:card\" content=\"summary_large_image\" \/>\n<meta name=\"twitter:site\" content=\"@cleuracloud\" \/>\n<script type=\"application\/ld+json\" class=\"yoast-schema-graph\">{\"@context\":\"https:\\\/\\\/schema.org\",\"@graph\":[{\"@type\":\"WebPage\",\"@id\":\"https:\\\/\\\/cleura.com\\\/sv\\\/aterkoppling\\\/\",\"url\":\"https:\\\/\\\/cleura.com\\\/sv\\\/aterkoppling\\\/\",\"name\":\"Tack f\u00f6r din \u00e5terkoppling - Cleura\",\"isPartOf\":{\"@id\":\"https:\\\/\\\/cleura.com\\\/sv\\\/#website\"},\"datePublished\":\"2025-10-14T13:28:15+00:00\",\"dateModified\":\"2025-10-14T13:28:16+00:00\",\"breadcrumb\":{\"@id\":\"https:\\\/\\\/cleura.com\\\/sv\\\/aterkoppling\\\/#breadcrumb\"},\"inLanguage\":\"sv-SE\",\"potentialAction\":[{\"@type\":\"ReadAction\",\"target\":[\"https:\\\/\\\/cleura.com\\\/sv\\\/aterkoppling\\\/\"]}]},{\"@type\":\"BreadcrumbList\",\"@id\":\"https:\\\/\\\/cleura.com\\\/sv\\\/aterkoppling\\\/#breadcrumb\",\"itemListElement\":[{\"@type\":\"ListItem\",\"position\":1,\"name\":\"Hem\",\"item\":\"https:\\\/\\\/cleura.com\\\/sv\\\/cleura-det-europeiska-molnet\\\/\"},{\"@type\":\"ListItem\",\"position\":2,\"name\":\"Tack f\u00f6r din \u00e5terkoppling\"}]},{\"@type\":\"WebSite\",\"@id\":\"https:\\\/\\\/cleura.com\\\/sv\\\/#website\",\"url\":\"https:\\\/\\\/cleura.com\\\/sv\\\/\",\"name\":\"Cleura\",\"description\":\"Freedom to innovate\",\"publisher\":{\"@id\":\"https:\\\/\\\/cleura.com\\\/sv\\\/#organization\"},\"potentialAction\":[{\"@type\":\"SearchAction\",\"target\":{\"@type\":\"EntryPoint\",\"urlTemplate\":\"https:\\\/\\\/cleura.com\\\/sv\\\/?s={search_term_string}\"},\"query-input\":{\"@type\":\"PropertyValueSpecification\",\"valueRequired\":true,\"valueName\":\"search_term_string\"}}],\"inLanguage\":\"sv-SE\"},{\"@type\":\"Organization\",\"@id\":\"https:\\\/\\\/cleura.com\\\/sv\\\/#organization\",\"name\":\"Cleura\",\"url\":\"https:\\\/\\\/cleura.com\\\/sv\\\/\",\"logo\":{\"@type\":\"ImageObject\",\"inLanguage\":\"sv-SE\",\"@id\":\"https:\\\/\\\/cleura.com\\\/sv\\\/#\\\/schema\\\/logo\\\/image\\\/\",\"url\":\"https:\\\/\\\/cleura.com\\\/wp-content\\\/uploads\\\/2022\\\/04\\\/Cleura-Logotyp-Svart.png\",\"contentUrl\":\"https:\\\/\\\/cleura.com\\\/wp-content\\\/uploads\\\/2022\\\/04\\\/Cleura-Logotyp-Svart.png\",\"width\":1000,\"height\":237,\"caption\":\"Cleura\"},\"image\":{\"@id\":\"https:\\\/\\\/cleura.com\\\/sv\\\/#\\\/schema\\\/logo\\\/image\\\/\"},\"sameAs\":[\"https:\\\/\\\/www.facebook.com\\\/CleuraCloud\",\"https:\\\/\\\/x.com\\\/cleuracloud\",\"https:\\\/\\\/www.linkedin.com\\\/company\\\/cleura\",\"https:\\\/\\\/www.youtube.com\\\/c\\\/Cleura\"]}]}<\/script>\n<!-- \/ Yoast SEO Premium plugin. -->","yoast_head_json":{"title":"Tack f\u00f6r din \u00e5terkoppling - Cleura","robots":{"index":"index","follow":"follow","max-snippet":"max-snippet:-1","max-image-preview":"max-image-preview:large","max-video-preview":"max-video-preview:-1"},"canonical":"https:\/\/cleura.com\/sv\/aterkoppling\/","og_locale":"sv_SE","og_type":"article","og_title":"Tack f\u00f6r din \u00e5terkoppling","og_description":"Tack f\u00f6r dina \u00e5sikter. Din input hj\u00e4lper oss att fokusera p\u00e5 det som \u00e4r viktigast f\u00f6r v\u00e5ra kunder och f\u00f6rb\u00e4ttra hur vi levererar v\u00e5ra tj\u00e4nster. - Team Cleura","og_url":"https:\/\/cleura.com\/sv\/aterkoppling\/","og_site_name":"Cleura","article_publisher":"https:\/\/www.facebook.com\/CleuraCloud","article_modified_time":"2025-10-14T13:28:16+00:00","og_image":[{"width":1200,"height":627,"url":"https:\/\/cleura.com\/wp-content\/uploads\/2022\/04\/SoMe-Cleura-2022-2.png","type":"image\/png"}],"twitter_card":"summary_large_image","twitter_site":"@cleuracloud","schema":{"@context":"https:\/\/schema.org","@graph":[{"@type":"WebPage","@id":"https:\/\/cleura.com\/sv\/aterkoppling\/","url":"https:\/\/cleura.com\/sv\/aterkoppling\/","name":"Tack f\u00f6r din \u00e5terkoppling - Cleura","isPartOf":{"@id":"https:\/\/cleura.com\/sv\/#website"},"datePublished":"2025-10-14T13:28:15+00:00","dateModified":"2025-10-14T13:28:16+00:00","breadcrumb":{"@id":"https:\/\/cleura.com\/sv\/aterkoppling\/#breadcrumb"},"inLanguage":"sv-SE","potentialAction":[{"@type":"ReadAction","target":["https:\/\/cleura.com\/sv\/aterkoppling\/"]}]},{"@type":"BreadcrumbList","@id":"https:\/\/cleura.com\/sv\/aterkoppling\/#breadcrumb","itemListElement":[{"@type":"ListItem","position":1,"name":"Hem","item":"https:\/\/cleura.com\/sv\/cleura-det-europeiska-molnet\/"},{"@type":"ListItem","position":2,"name":"Tack f\u00f6r din \u00e5terkoppling"}]},{"@type":"WebSite","@id":"https:\/\/cleura.com\/sv\/#website","url":"https:\/\/cleura.com\/sv\/","name":"Cleura","description":"Freedom to innovate","publisher":{"@id":"https:\/\/cleura.com\/sv\/#organization"},"potentialAction":[{"@type":"SearchAction","target":{"@type":"EntryPoint","urlTemplate":"https:\/\/cleura.com\/sv\/?s={search_term_string}"},"query-input":{"@type":"PropertyValueSpecification","valueRequired":true,"valueName":"search_term_string"}}],"inLanguage":"sv-SE"},{"@type":"Organization","@id":"https:\/\/cleura.com\/sv\/#organization","name":"Cleura","url":"https:\/\/cleura.com\/sv\/","logo":{"@type":"ImageObject","inLanguage":"sv-SE","@id":"https:\/\/cleura.com\/sv\/#\/schema\/logo\/image\/","url":"https:\/\/cleura.com\/wp-content\/uploads\/2022\/04\/Cleura-Logotyp-Svart.png","contentUrl":"https:\/\/cleura.com\/wp-content\/uploads\/2022\/04\/Cleura-Logotyp-Svart.png","width":1000,"height":237,"caption":"Cleura"},"image":{"@id":"https:\/\/cleura.com\/sv\/#\/schema\/logo\/image\/"},"sameAs":["https:\/\/www.facebook.com\/CleuraCloud","https:\/\/x.com\/cleuracloud","https:\/\/www.linkedin.com\/company\/cleura","https:\/\/www.youtube.com\/c\/Cleura"]}]}},"_links":{"self":[{"href":"https:\/\/cleura.com\/sv\/wp-json\/wp\/v2\/pages\/27611","targetHints":{"allow":["GET"]}}],"collection":[{"href":"https:\/\/cleura.com\/sv\/wp-json\/wp\/v2\/pages"}],"about":[{"href":"https:\/\/cleura.com\/sv\/wp-json\/wp\/v2\/types\/page"}],"author":[{"embeddable":true,"href":"https:\/\/cleura.com\/sv\/wp-json\/wp\/v2\/users\/8"}],"replies":[{"embeddable":true,"href":"https:\/\/cleura.com\/sv\/wp-json\/wp\/v2\/comments?post=27611"}],"version-history":[{"count":4,"href":"https:\/\/cleura.com\/sv\/wp-json\/wp\/v2\/pages\/27611\/revisions"}],"predecessor-version":[{"id":27615,"href":"https:\/\/cleura.com\/sv\/wp-json\/wp\/v2\/pages\/27611\/revisions\/27615"}],"wp:attachment":[{"href":"https:\/\/cleura.com\/sv\/wp-json\/wp\/v2\/media?parent=27611"}],"curies":[{"name":"wp","href":"https:\/\/api.w.org\/{rel}","templated":true}]}}