{"id":28756,"date":"2025-11-19T10:32:33","date_gmt":"2025-11-19T09:32:33","guid":{"rendered":"https:\/\/cleura.com\/?page_id=28756"},"modified":"2025-12-03T11:29:42","modified_gmt":"2025-12-03T10:29:42","slug":"losningar","status":"publish","type":"page","link":"https:\/\/cleura.com\/sv\/losningar\/","title":{"rendered":"L\u00f6sningar"},"content":{"rendered":"<div id=\"cs-content\" class=\"cs-content\"><div class=\"x-section e28756-e1 mm6s-0 mm6s-1 mm6s-2 mm6s-3 mm6s-4\"><div class=\"x-bg\" aria-hidden=\"true\"><div class=\"x-bg-layer-lower-custom\"><img decoding=\"async\"\n    src=\"https:\/\/cleura.com\/wp-content\/uploads\/2025\/11\/cleura-background-solutions.jpg\"\n    loading=\"eager\"\n    fetchpriority=\"high\"\n    class=\"header-image-position\"\n  \/><\/div><div class=\"x-bg-layer-upper-color\"><\/div><\/div><div class=\"x-row x-container max width e28756-e2 mm6s-d mm6s-e mm6s-f mm6s-g mm6s-h mm6s-u\"><div class=\"x-row-inner\"><div class=\"x-col e28756-e3 mm6s-1b mm6s-1c mm6s-1d mm6s-1e mm6s-1f mm6s-1g\"><div class=\"x-text x-text-headline e28756-e4 mm6s-1t mm6s-1u mm6s-1v mm6s-1w mm6s-1x mm6s-1y\"><div class=\"x-text-content\"><div class=\"x-text-content-text\"><p class=\"x-text-content-text-primary\">L\u00f6sningar<\/p>\n<\/div><\/div><\/div><div class=\"x-text x-text-headline e28756-e5 mm6s-1t mm6s-1u mm6s-1v mm6s-1z mm6s-20 mm6s-21 mm6s-22\"><div class=\"x-text-content\"><div class=\"x-text-content-text\"><h1 class=\"x-text-content-text-primary\">Moderna digitala arbetslaster driftas i<span style=\"color: #fff; \"> Cleura Cloud<\/span><\/h1>\n<\/div><\/div><\/div><\/div><\/div><\/div><\/div><div class=\"x-section e28756-e7 mm6s-0 mm6s-1 mm6s-2 mm6s-3 mm6s-5\" id=\"cleura\"><div class=\"x-row x-container max width e28756-e8 mm6s-f mm6s-g mm6s-h mm6s-i mm6s-j mm6s-k mm6s-l mm6s-m mm6s-v mm6s-w\"><div class=\"x-row-inner\"><div class=\"x-col e28756-e9 mm6s-1b mm6s-1c mm6s-1e mm6s-1f mm6s-1h mm6s-1i mm6s-1j mm6s-1k mm6s-1l\"><div class=\"x-text x-text-headline e28756-e10 mm6s-1t mm6s-1u mm6s-1v mm6s-20 mm6s-22 mm6s-23 mm6s-24 mm6s-25\"><div class=\"x-text-content\"><div class=\"x-text-content-text\"><h2 class=\"x-text-content-text-primary\">L\u00e4r dig hur Cleura Cloud l\u00e5ter dig bygga, drifta och skala upp din verksamhet p\u00e5 en s\u00e4ker, suver\u00e4n molnplattform som ger dig kontroll \u00f6ver dina data och innovationer.<\/h2>\n<\/div><\/div><\/div><\/div><div class=\"x-col e28756-e11 mm6s-1b mm6s-1c mm6s-1e mm6s-1f mm6s-1g mm6s-1h mm6s-1m\"><div class=\"x-row e28756-e12 mm6s-e mm6s-f mm6s-g mm6s-h mm6s-i mm6s-l mm6s-m mm6s-n mm6s-v mm6s-x\"><div class=\"x-row-inner\"><div class=\"x-col e28756-e13 mm6s-1b mm6s-1c mm6s-1e mm6s-1f mm6s-1g mm6s-1h mm6s-1n\"><div class=\"x-row e28756-e14 mm6s-e mm6s-f mm6s-l mm6s-n mm6s-o mm6s-p mm6s-y mm6s-z\"><div class=\"x-row-inner\"><div class=\"x-col e28756-e15 mm6s-1b mm6s-1d mm6s-1f mm6s-1g mm6s-1o mm6s-1p\"><a class=\"x-div e28756-e16 mm6s-2p mm6s-2q mm6s-2r mm6s-a mm6s-b\" href=\"https:\/\/cleura.com\/sv\/losningar\/applikationsdrift\/\" data-x-effect-provider=\"colors particles effects\" data-x-effect=\"{&quot;durationBase&quot;:&quot;300ms&quot;}\"><div class=\"x-div e28756-e17 mm6s-2p mm6s-2s\"><div class=\"x-text x-text-headline e28756-e18 mm6s-1t mm6s-1v mm6s-1y mm6s-20 mm6s-24 mm6s-25 mm6s-26\"><div class=\"x-text-content\"><div class=\"x-text-content-text\"><h3 class=\"x-text-content-text-primary\">SaaS & Application Hosting<\/h3>\n<\/div><\/div><\/div><div class=\"x-text x-content e28756-e19 mm6s-2c mm6s-2d mm6s-2f mm6s-2g mm6s-2h mm6s-2i mm6s-2j mm6s-2k\">Build and operate scalable applications on a trusted European foundation where performance meets compliance and control.<\/div><\/div><span class=\"x-anchor x-anchor-button has-graphic e28756-e20 mm6s-2u mm6s-2v\" tabindex=\"0\"><div class=\"x-anchor-content\"><span class=\"x-graphic\" aria-hidden=\"true\"><span class=\"x-icon x-graphic-child x-graphic-icon x-graphic-primary\" aria-hidden=\"true\"><svg xmlns=\"http:\/\/www.w3.org\/2000\/svg\" viewBox=\"0 0 448 512\"><!--! Font Awesome Pro 6.7.2 by @fontawesome - https:\/\/fontawesome.com License - https:\/\/fontawesome.com\/license (Commercial License) Copyright 2024 Fonticons, Inc. --><path d=\"M440.6 273.4c4.7-4.5 7.4-10.8 7.4-17.4s-2.7-12.8-7.4-17.4l-176-168c-9.6-9.2-24.8-8.8-33.9 .8s-8.8 24.8 .8 33.9L364.1 232 24 232c-13.3 0-24 10.7-24 24s10.7 24 24 24l340.1 0L231.4 406.6c-9.6 9.2-9.9 24.3-.8 33.9s24.3 9.9 33.9 .8l176-168z\"\/><\/svg><\/span><\/span><div class=\"x-anchor-text\"><span class=\"x-anchor-text-primary\">Explore<\/span><\/div><\/div><\/span><\/a><\/div><\/div><\/div><\/div><\/div><\/div><\/div><\/div><\/div><\/div><div class=\"x-section e28756-e132 mm6s-0 mm6s-1 mm6s-2 mm6s-3 mm6s-5 mm6s-9\" id=\"contact\"><div class=\"x-row x-container max width e28756-e133 mm6s-f mm6s-g mm6s-i mm6s-l mm6s-q mm6s-s mm6s-11 mm6s-19\"><div class=\"x-row-inner\"><div class=\"x-col e28756-e134 mm6s-1f mm6s-1k mm6s-1l mm6s-1r\"><div class=\"x-text x-text-headline e28756-e135 mm6s-1t mm6s-1u mm6s-1x mm6s-20 mm6s-24 mm6s-27 mm6s-29\"><div class=\"x-text-content\"><div class=\"x-text-content-text\"><h2 class=\"x-text-content-text-primary\">Get in touch<\/h2>\n<\/div><\/div><\/div><div class=\"x-text x-content e28756-e136 mm6s-2b mm6s-2c mm6s-2i mm6s-2j mm6s-2k mm6s-2m mm6s-2n\">Reach out to our team and begin your EU-sovereign cloud journey with Cleura - The European Cloud.<\/div><\/div><div class=\"x-col e28756-e137 mm6s-1f mm6s-1g\"><div class=\"x-row e28756-e138 mm6s-e mm6s-f mm6s-g mm6s-l mm6s-o mm6s-t mm6s-1a\"><div class=\"x-row-inner\"><div class=\"x-col e28756-e139 mm6s-1b mm6s-1c mm6s-1f mm6s-1j mm6s-1l mm6s-1p mm6s-1s\"><div class=\"x-text x-content e28756-e140 mm6s-2b mm6s-2c mm6s-2d mm6s-2h mm6s-2j mm6s-2n mm6s-2o general-contact\"><div class=\"wpforms-container wpforms-container-full general-contact\" id=\"wpforms-11268\"><form id=\"wpforms-form-11268\" class=\"wpforms-validate wpforms-form wpforms-ajax-form\" data-formid=\"11268\" method=\"post\" enctype=\"multipart\/form-data\" action=\"\/sv\/wp-json\/wp\/v2\/pages\/28756\" data-token=\"bb1d7e358408f08abaafa6155d1f59e9\" data-token-time=\"1775403527\"><noscript class=\"wpforms-error-noscript\">Aktivera JavaScript i din webbl\u00e4sare f\u00f6r att fylla i formul\u00e4ret.<\/noscript><div class=\"wpforms-field-container\"><div id=\"wpforms-11268-field_4-container\" class=\"wpforms-field wpforms-field-textarea\" data-field-id=\"4\"><label class=\"wpforms-field-label wpforms-label-hide\" for=\"wpforms-11268-field_4\">How can we help you? <span class=\"wpforms-required-label\">*<\/span><\/label><textarea id=\"wpforms-11268-field_4\" class=\"wpforms-field-medium wpforms-field-required\" name=\"wpforms[fields][4]\" placeholder=\"How can we help you? *\" required><\/textarea><\/div><div id=\"wpforms-11268-field_1-container\" class=\"wpforms-field wpforms-field-name\" data-field-id=\"1\"><label class=\"wpforms-field-label wpforms-label-hide\" for=\"wpforms-11268-field_1\">Name <span class=\"wpforms-required-label\">*<\/span><\/label><input type=\"text\" id=\"wpforms-11268-field_1\" class=\"wpforms-field-large wpforms-field-required\" name=\"wpforms[fields][1]\" placeholder=\"Name *\" required><\/div><div id=\"wpforms-11268-field_5-container\" class=\"wpforms-field wpforms-field-name\" data-field-id=\"5\"><label class=\"wpforms-field-label wpforms-label-hide\" for=\"wpforms-11268-field_5\">Company <span class=\"wpforms-required-label\">*<\/span><\/label><input type=\"text\" id=\"wpforms-11268-field_5\" class=\"wpforms-field-large wpforms-field-required\" name=\"wpforms[fields][5]\" placeholder=\"Company *\" required><\/div><div id=\"wpforms-11268-field_3-container\" class=\"wpforms-field wpforms-field-email\" data-field-id=\"3\"><label class=\"wpforms-field-label wpforms-label-hide\" for=\"wpforms-11268-field_3\">Email <span class=\"wpforms-required-label\">*<\/span><\/label><input type=\"email\" id=\"wpforms-11268-field_3\" class=\"wpforms-field-large wpforms-field-required\" name=\"wpforms[fields][3]\" placeholder=\"Email *\" spellcheck=\"false\" required><\/div><div id=\"wpforms-11268-field_9-container\" class=\"wpforms-field wpforms-field-html\" data-field-id=\"9\"><div id=\"wpforms-11268-field_9\">* Required\r\n<br \/><br \/>\r\nYour personal data will be processed according to Cleura's <a href=\"https:\/\/cleura.com\/privacy-notice\/\" alt=\"Read our privacy notice\">privacy notice<\/a>.<\/div><\/div><\/div><!-- .wpforms-field-container --><div class=\"wpforms-submit-container\" ><input type=\"hidden\" name=\"wpforms[id]\" value=\"11268\"><input type=\"hidden\" name=\"page_title\" value=\"\"><input type=\"hidden\" name=\"page_url\" value=\"https:\/\/cleura.com\/sv\/wp-json\/wp\/v2\/pages\/28756\"><input type=\"hidden\" name=\"url_referer\" value=\"\"><div class=\"frc-captcha \" data-sitekey=\"FCMJ0U90J0RGUVD3\" data-lang=\"sv\" data-puzzle-endpoint=\"https:\/\/eu-api.friendlycaptcha.eu\/api\/v1\/puzzle\"><\/div>\n\t\t<noscript>You need to enable Javascript for the anti-spam check.<\/noscript><button type=\"submit\" name=\"wpforms[submit]\" id=\"wpforms-submit-11268\" class=\"wpforms-submit button-form\" data-alt-text=\"Sending...\" data-submit-text=\"Send your question\" aria-live=\"assertive\" value=\"wpforms-submit\">Send your question<\/button><img loading=\"lazy\" decoding=\"async\" src=\"https:\/\/cleura.com\/wp-content\/plugins\/wpforms\/assets\/images\/submit-spin.svg\" class=\"wpforms-submit-spinner\" style=\"display: none;\" width=\"26\" height=\"26\" alt=\"Laddar\"><\/div><\/form><\/div>  <!-- .wpforms-container -->\t<\/div><\/div><\/div><\/div><\/div><\/div><\/div><\/div><\/div>","protected":false},"excerpt":{"rendered":"<p>L\u00f6sningar Moderna digitala arbetslaster driftas i Cleura Cloud L\u00e4r dig hur Cleura Cloud l\u00e5ter dig bygga, drifta och skala upp din verksamhet p\u00e5 en s\u00e4ker, suver\u00e4n molnplattform som ger dig kontroll \u00f6ver dina data och innovationer. SaaS &#038; Application Hosting Build and operate scalable applications on a trusted European foundation where performance meets compliance and control.ExploreGet in touch Reach out &#8230; <\/p>\n<div><a href=\"https:\/\/cleura.com\/sv\/losningar\/\" class=\"more-link\">Read More<\/a><\/div>\n","protected":false},"author":8,"featured_media":0,"parent":0,"menu_order":0,"comment_status":"closed","ping_status":"closed","template":"template-blank-4.php","meta":{"footnotes":""},"class_list":["post-28756","page","type-page","status-publish","hentry","no-post-thumbnail"],"yoast_head":"<!-- This site is optimized with the Yoast SEO Premium plugin v27.3 (Yoast SEO v27.3) - https:\/\/yoast.com\/product\/yoast-seo-premium-wordpress\/ -->\n<title>L\u00f6sningar - Cleura<\/title>\n<meta name=\"robots\" content=\"index, follow, max-snippet:-1, max-image-preview:large, max-video-preview:-1\" \/>\n<link rel=\"canonical\" href=\"https:\/\/cleura.com\/sv\/losningar\/\" \/>\n<meta property=\"og:locale\" content=\"sv_SE\" \/>\n<meta property=\"og:type\" content=\"article\" \/>\n<meta property=\"og:title\" content=\"L\u00f6sningar\" \/>\n<meta property=\"og:description\" content=\"L\u00f6sningar Moderna digitala arbetslaster driftas i Cleura Cloud L\u00e4r dig hur Cleura Cloud l\u00e5ter dig bygga, drifta och skala upp din verksamhet p\u00e5 en s\u00e4ker, suver\u00e4n molnplattform som ger dig kontroll \u00f6ver dina data och innovationer. SaaS &amp; Application Hosting Build and operate scalable applications on a trusted European foundation where performance meets compliance and control.ExploreGet in touch Reach out ... Read More\" \/>\n<meta property=\"og:url\" content=\"https:\/\/cleura.com\/sv\/losningar\/\" \/>\n<meta property=\"og:site_name\" content=\"Cleura\" \/>\n<meta property=\"article:publisher\" content=\"https:\/\/www.facebook.com\/CleuraCloud\" \/>\n<meta property=\"article:modified_time\" content=\"2025-12-03T10:29:42+00:00\" \/>\n<meta property=\"og:image\" content=\"https:\/\/cleura.com\/wp-content\/plugins\/wpforms\/assets\/images\/submit-spin.svg\" \/>\n<meta name=\"twitter:card\" content=\"summary_large_image\" \/>\n<meta name=\"twitter:site\" content=\"@cleuracloud\" \/>\n<meta name=\"twitter:label1\" content=\"Ber\u00e4knad l\u00e4stid\" \/>\n\t<meta name=\"twitter:data1\" content=\"1 minut\" \/>\n<script type=\"application\/ld+json\" class=\"yoast-schema-graph\">{\"@context\":\"https:\\\/\\\/schema.org\",\"@graph\":[{\"@type\":\"WebPage\",\"@id\":\"https:\\\/\\\/cleura.com\\\/sv\\\/losningar\\\/\",\"url\":\"https:\\\/\\\/cleura.com\\\/sv\\\/losningar\\\/\",\"name\":\"L\u00f6sningar - Cleura\",\"isPartOf\":{\"@id\":\"https:\\\/\\\/cleura.com\\\/sv\\\/#website\"},\"primaryImageOfPage\":{\"@id\":\"https:\\\/\\\/cleura.com\\\/sv\\\/losningar\\\/#primaryimage\"},\"image\":{\"@id\":\"https:\\\/\\\/cleura.com\\\/sv\\\/losningar\\\/#primaryimage\"},\"thumbnailUrl\":\"https:\\\/\\\/cleura.com\\\/wp-content\\\/plugins\\\/wpforms\\\/assets\\\/images\\\/submit-spin.svg\",\"datePublished\":\"2025-11-19T09:32:33+00:00\",\"dateModified\":\"2025-12-03T10:29:42+00:00\",\"breadcrumb\":{\"@id\":\"https:\\\/\\\/cleura.com\\\/sv\\\/losningar\\\/#breadcrumb\"},\"inLanguage\":\"sv-SE\",\"potentialAction\":[{\"@type\":\"ReadAction\",\"target\":[\"https:\\\/\\\/cleura.com\\\/sv\\\/losningar\\\/\"]}]},{\"@type\":\"ImageObject\",\"inLanguage\":\"sv-SE\",\"@id\":\"https:\\\/\\\/cleura.com\\\/sv\\\/losningar\\\/#primaryimage\",\"url\":\"https:\\\/\\\/cleura.com\\\/wp-content\\\/plugins\\\/wpforms\\\/assets\\\/images\\\/submit-spin.svg\",\"contentUrl\":\"https:\\\/\\\/cleura.com\\\/wp-content\\\/plugins\\\/wpforms\\\/assets\\\/images\\\/submit-spin.svg\"},{\"@type\":\"BreadcrumbList\",\"@id\":\"https:\\\/\\\/cleura.com\\\/sv\\\/losningar\\\/#breadcrumb\",\"itemListElement\":[{\"@type\":\"ListItem\",\"position\":1,\"name\":\"Hem\",\"item\":\"https:\\\/\\\/cleura.com\\\/sv\\\/cleura-det-europeiska-molnet\\\/\"},{\"@type\":\"ListItem\",\"position\":2,\"name\":\"L\u00f6sningar\"}]},{\"@type\":\"WebSite\",\"@id\":\"https:\\\/\\\/cleura.com\\\/sv\\\/#website\",\"url\":\"https:\\\/\\\/cleura.com\\\/sv\\\/\",\"name\":\"Cleura\",\"description\":\"Freedom to innovate\",\"publisher\":{\"@id\":\"https:\\\/\\\/cleura.com\\\/sv\\\/#organization\"},\"potentialAction\":[{\"@type\":\"SearchAction\",\"target\":{\"@type\":\"EntryPoint\",\"urlTemplate\":\"https:\\\/\\\/cleura.com\\\/sv\\\/?s={search_term_string}\"},\"query-input\":{\"@type\":\"PropertyValueSpecification\",\"valueRequired\":true,\"valueName\":\"search_term_string\"}}],\"inLanguage\":\"sv-SE\"},{\"@type\":\"Organization\",\"@id\":\"https:\\\/\\\/cleura.com\\\/sv\\\/#organization\",\"name\":\"Cleura\",\"url\":\"https:\\\/\\\/cleura.com\\\/sv\\\/\",\"logo\":{\"@type\":\"ImageObject\",\"inLanguage\":\"sv-SE\",\"@id\":\"https:\\\/\\\/cleura.com\\\/sv\\\/#\\\/schema\\\/logo\\\/image\\\/\",\"url\":\"https:\\\/\\\/cleura.com\\\/wp-content\\\/uploads\\\/2022\\\/04\\\/Cleura-Logotyp-Svart.png\",\"contentUrl\":\"https:\\\/\\\/cleura.com\\\/wp-content\\\/uploads\\\/2022\\\/04\\\/Cleura-Logotyp-Svart.png\",\"width\":1000,\"height\":237,\"caption\":\"Cleura\"},\"image\":{\"@id\":\"https:\\\/\\\/cleura.com\\\/sv\\\/#\\\/schema\\\/logo\\\/image\\\/\"},\"sameAs\":[\"https:\\\/\\\/www.facebook.com\\\/CleuraCloud\",\"https:\\\/\\\/x.com\\\/cleuracloud\",\"https:\\\/\\\/www.linkedin.com\\\/company\\\/cleura\",\"https:\\\/\\\/www.youtube.com\\\/c\\\/Cleura\"]}]}<\/script>\n<!-- \/ Yoast SEO Premium plugin. -->","yoast_head_json":{"title":"L\u00f6sningar - Cleura","robots":{"index":"index","follow":"follow","max-snippet":"max-snippet:-1","max-image-preview":"max-image-preview:large","max-video-preview":"max-video-preview:-1"},"canonical":"https:\/\/cleura.com\/sv\/losningar\/","og_locale":"sv_SE","og_type":"article","og_title":"L\u00f6sningar","og_description":"L\u00f6sningar Moderna digitala arbetslaster driftas i Cleura Cloud L\u00e4r dig hur Cleura Cloud l\u00e5ter dig bygga, drifta och skala upp din verksamhet p\u00e5 en s\u00e4ker, suver\u00e4n molnplattform som ger dig kontroll \u00f6ver dina data och innovationer. SaaS & Application Hosting Build and operate scalable applications on a trusted European foundation where performance meets compliance and control.ExploreGet in touch Reach out ... Read More","og_url":"https:\/\/cleura.com\/sv\/losningar\/","og_site_name":"Cleura","article_publisher":"https:\/\/www.facebook.com\/CleuraCloud","article_modified_time":"2025-12-03T10:29:42+00:00","og_image":[{"url":"https:\/\/cleura.com\/wp-content\/plugins\/wpforms\/assets\/images\/submit-spin.svg","type":"","width":"","height":""}],"twitter_card":"summary_large_image","twitter_site":"@cleuracloud","twitter_misc":{"Ber\u00e4knad l\u00e4stid":"1 minut"},"schema":{"@context":"https:\/\/schema.org","@graph":[{"@type":"WebPage","@id":"https:\/\/cleura.com\/sv\/losningar\/","url":"https:\/\/cleura.com\/sv\/losningar\/","name":"L\u00f6sningar - Cleura","isPartOf":{"@id":"https:\/\/cleura.com\/sv\/#website"},"primaryImageOfPage":{"@id":"https:\/\/cleura.com\/sv\/losningar\/#primaryimage"},"image":{"@id":"https:\/\/cleura.com\/sv\/losningar\/#primaryimage"},"thumbnailUrl":"https:\/\/cleura.com\/wp-content\/plugins\/wpforms\/assets\/images\/submit-spin.svg","datePublished":"2025-11-19T09:32:33+00:00","dateModified":"2025-12-03T10:29:42+00:00","breadcrumb":{"@id":"https:\/\/cleura.com\/sv\/losningar\/#breadcrumb"},"inLanguage":"sv-SE","potentialAction":[{"@type":"ReadAction","target":["https:\/\/cleura.com\/sv\/losningar\/"]}]},{"@type":"ImageObject","inLanguage":"sv-SE","@id":"https:\/\/cleura.com\/sv\/losningar\/#primaryimage","url":"https:\/\/cleura.com\/wp-content\/plugins\/wpforms\/assets\/images\/submit-spin.svg","contentUrl":"https:\/\/cleura.com\/wp-content\/plugins\/wpforms\/assets\/images\/submit-spin.svg"},{"@type":"BreadcrumbList","@id":"https:\/\/cleura.com\/sv\/losningar\/#breadcrumb","itemListElement":[{"@type":"ListItem","position":1,"name":"Hem","item":"https:\/\/cleura.com\/sv\/cleura-det-europeiska-molnet\/"},{"@type":"ListItem","position":2,"name":"L\u00f6sningar"}]},{"@type":"WebSite","@id":"https:\/\/cleura.com\/sv\/#website","url":"https:\/\/cleura.com\/sv\/","name":"Cleura","description":"Freedom to innovate","publisher":{"@id":"https:\/\/cleura.com\/sv\/#organization"},"potentialAction":[{"@type":"SearchAction","target":{"@type":"EntryPoint","urlTemplate":"https:\/\/cleura.com\/sv\/?s={search_term_string}"},"query-input":{"@type":"PropertyValueSpecification","valueRequired":true,"valueName":"search_term_string"}}],"inLanguage":"sv-SE"},{"@type":"Organization","@id":"https:\/\/cleura.com\/sv\/#organization","name":"Cleura","url":"https:\/\/cleura.com\/sv\/","logo":{"@type":"ImageObject","inLanguage":"sv-SE","@id":"https:\/\/cleura.com\/sv\/#\/schema\/logo\/image\/","url":"https:\/\/cleura.com\/wp-content\/uploads\/2022\/04\/Cleura-Logotyp-Svart.png","contentUrl":"https:\/\/cleura.com\/wp-content\/uploads\/2022\/04\/Cleura-Logotyp-Svart.png","width":1000,"height":237,"caption":"Cleura"},"image":{"@id":"https:\/\/cleura.com\/sv\/#\/schema\/logo\/image\/"},"sameAs":["https:\/\/www.facebook.com\/CleuraCloud","https:\/\/x.com\/cleuracloud","https:\/\/www.linkedin.com\/company\/cleura","https:\/\/www.youtube.com\/c\/Cleura"]}]}},"_links":{"self":[{"href":"https:\/\/cleura.com\/sv\/wp-json\/wp\/v2\/pages\/28756","targetHints":{"allow":["GET"]}}],"collection":[{"href":"https:\/\/cleura.com\/sv\/wp-json\/wp\/v2\/pages"}],"about":[{"href":"https:\/\/cleura.com\/sv\/wp-json\/wp\/v2\/types\/page"}],"author":[{"embeddable":true,"href":"https:\/\/cleura.com\/sv\/wp-json\/wp\/v2\/users\/8"}],"replies":[{"embeddable":true,"href":"https:\/\/cleura.com\/sv\/wp-json\/wp\/v2\/comments?post=28756"}],"version-history":[{"count":13,"href":"https:\/\/cleura.com\/sv\/wp-json\/wp\/v2\/pages\/28756\/revisions"}],"predecessor-version":[{"id":29269,"href":"https:\/\/cleura.com\/sv\/wp-json\/wp\/v2\/pages\/28756\/revisions\/29269"}],"wp:attachment":[{"href":"https:\/\/cleura.com\/sv\/wp-json\/wp\/v2\/media?parent=28756"}],"curies":[{"name":"wp","href":"https:\/\/api.w.org\/{rel}","templated":true}]}}