{"id":7914,"date":"2022-03-10T07:23:53","date_gmt":"2022-03-10T07:23:53","guid":{"rendered":"http:\/\/46.254.15.9\/404-page-not-found\/"},"modified":"2025-11-19T13:56:41","modified_gmt":"2025-11-19T12:56:41","slug":"404-page-not-found","status":"publish","type":"page","link":"https:\/\/cleura.com\/sv\/404-page-not-found\/","title":{"rendered":"404"},"content":{"rendered":"<div id=\"cs-content\" class=\"cs-content\"><div class=\"x-section e7914-e1 m63u-0\"><div class=\"x-row x-container max width e7914-e2 m63u-2 m63u-3\"><div class=\"x-row-inner\"><div class=\"x-col e7914-e3 m63u-4\"><div class=\"x-text x-text-headline e7914-e4 m63u-5\"><div class=\"x-text-content\"><div class=\"x-text-content-text\"><h1 class=\"x-text-content-text-primary\">Sidan finns inte \u2013 S\u00e5h\u00e4r kommer du vidare<\/h1>\n<\/div><\/div><\/div><hr class=\"x-line e7914-e5 m63u-6\"\/><div class=\"x-text x-content e7914-e6 m63u-7\">Denna sida finns inte l\u00e4ngre, kanske har den aldrig har funnits. Prova n\u00e5gon av dessa anv\u00e4ndbara l\u00e4nkar till v\u00e5r\u00a0<a href=\"https:\/\/cleura.com\/sv\/resurser\/\" class=\"external-link\" target=\"_blank\" rel=\"nofollow noopener\" title=\"Follow link\">resursbank<\/a>,\u00a0<a href=\"https:\/\/cleura.com\/sv\/resurser\/support\/\" class=\"external-link\" target=\"_blank\" rel=\"nofollow noopener\" title=\"Follow link\">support<\/a>\u00a0eller l\u00e4s mer om v\u00e5ra\u00a0<a href=\"https:\/\/cleura.com\/sv\/molnplattformar\/\" class=\"external-link\" target=\"_blank\" rel=\"nofollow noopener\" title=\"Follow link\">molnplattformar<\/a>.<\/div><hr class=\"x-line e7914-e7 m63u-6\"\/><form class=\"x-search e7914-e8 m63u-8\" data-x-search=\"{&quot;search&quot;:true}\" action=\"https:\/\/cleura.com\/sv\/\" method=\"get\" data-x-search-autofocus=\"\"><label class=\"visually-hidden\" for=\"s-e7914-e8\">Search<\/label><input id=\"s-e7914-e8\" class=\"x-search-input\" type=\"search\" name=\"s\" value=\"\" tabindex=\"0\" placeholder=\"S\u00f6k\"\/><button class=\"x-search-btn x-search-btn-submit\" type=\"button\" data-x-search-submit=\"\" tabindex=\"0\"><span class=\"visually-hidden\">Submit<\/span><svg xmlns=\"http:\/\/www.w3.org\/2000\/svg\" xmlns:xlink=\"http:\/\/www.w3.org\/1999\/xlink\" x=\"0px\" y=\"0px\" viewBox=\"-1 -1 25 25\"><circle fill=\"none\" stroke-width=\"2\" stroke-linecap=\"square\" stroke-miterlimit=\"10\" cx=\"10\" cy=\"10\" r=\"9\" stroke-linejoin=\"miter\"\/><line fill=\"none\" stroke-width=\"2\" stroke-linecap=\"square\" stroke-miterlimit=\"10\" x1=\"22\" y1=\"22\" x2=\"16.4\" y2=\"16.4\" stroke-linejoin=\"miter\"\/><\/svg><\/button><button class=\"x-search-btn x-search-btn-clear\" type=\"button\" data-x-search-clear=\"\" tabindex=\"0\"><span class=\"visually-hidden\">Clear<\/span><svg xmlns=\"http:\/\/www.w3.org\/2000\/svg\" xmlns:xlink=\"http:\/\/www.w3.org\/1999\/xlink\" x=\"0px\" y=\"0px\" viewBox=\"-1 -1 25 25\"><line fill=\"none\" stroke-width=\"3\" stroke-linecap=\"square\" stroke-miterlimit=\"10\" x1=\"19\" y1=\"5\" x2=\"5\" y2=\"19\" stroke-linejoin=\"miter\"\/><line fill=\"none\" stroke-width=\"3\" stroke-linecap=\"square\" stroke-miterlimit=\"10\" x1=\"19\" y1=\"19\" x2=\"5\" y2=\"5\" stroke-linejoin=\"miter\"\/><\/svg><\/button><\/form><a class=\"x-anchor x-anchor-button x-hide-lg x-hide-md x-hide-sm x-hide-xl x-hide-xs e7914-e9 m63u-9 m63u-1\" tabindex=\"0\" href=\"https:\/\/cleura.com\/sv\/\" data-x-effect=\"{&quot;durationBase&quot;:&quot;300ms&quot;}\"><div class=\"x-anchor-content\"><div class=\"x-anchor-text\"><span class=\"x-anchor-text-primary\">Go back to Cleura startpage<\/span><\/div><\/div><\/a><\/div><\/div><\/div><div class=\"x-div e7914-e10 m63u-a m63u-b m63u-c\"><div class=\"x-div x-hide-lg x-hide-md x-hide-sm x-hide-xs e7914-e11 m63u-b m63u-d m63u-e m63u-f m63u-g m63u-h m63u-i m63u-j\"><\/div><div class=\"x-div e7914-e12 m63u-b m63u-c m63u-f m63u-g m63u-h m63u-i m63u-j m63u-k m63u-l\"><\/div><div class=\"x-div x-hide-sm x-hide-xs e7914-e13 m63u-b m63u-d m63u-f m63u-g m63u-m m63u-n m63u-o m63u-p\"><\/div><div class=\"x-div e7914-e14 m63u-b m63u-f m63u-i m63u-k m63u-o m63u-p m63u-q m63u-r\"><\/div><div class=\"x-div e7914-e15 m63u-b m63u-g m63u-i m63u-j m63u-m m63u-p m63u-q m63u-s\"><\/div><\/div><\/div><\/div>","protected":false},"excerpt":{"rendered":"<p>Sidan finns inte \u2013 S\u00e5h\u00e4r kommer du vidare Denna sida finns inte l\u00e4ngre, kanske har den aldrig har funnits. Prova n\u00e5gon av dessa anv\u00e4ndbara l\u00e4nkar till v\u00e5r\u00a0resursbank,\u00a0support\u00a0eller l\u00e4s mer om v\u00e5ra\u00a0molnplattformar.SearchSubmitClearGo back to Cleura startpage<\/p>\n","protected":false},"author":1,"featured_media":0,"parent":0,"menu_order":0,"comment_status":"closed","ping_status":"closed","template":"template-blank-4.php","meta":{"footnotes":""},"class_list":["post-7914","page","type-page","status-publish","hentry","no-post-thumbnail"],"yoast_head":"<!-- This site is optimized with the Yoast SEO Premium plugin v27.3 (Yoast SEO v27.3) - https:\/\/yoast.com\/product\/yoast-seo-premium-wordpress\/ -->\n<title>404 Sidan finns inte | Cleura<\/title>\n<meta name=\"description\" content=\"Tyv\u00e4rr, den h\u00e4r sidan kunde inte hittas. Anv\u00e4nd l\u00e4nkarna nedan f\u00f6r att hitta det du s\u00f6ker.\" \/>\n<meta name=\"robots\" content=\"index, follow, max-snippet:-1, max-image-preview:large, max-video-preview:-1\" \/>\n<link rel=\"canonical\" href=\"https:\/\/cleura.com\/sv\/404-page-not-found\/\" \/>\n<meta property=\"og:locale\" content=\"sv_SE\" \/>\n<meta property=\"og:type\" content=\"article\" \/>\n<meta property=\"og:title\" content=\"404\" \/>\n<meta property=\"og:description\" content=\"Tyv\u00e4rr, den h\u00e4r sidan kunde inte hittas. Anv\u00e4nd l\u00e4nkarna nedan f\u00f6r att hitta det du s\u00f6ker.\" \/>\n<meta property=\"og:url\" content=\"https:\/\/cleura.com\/sv\/404-page-not-found\/\" \/>\n<meta property=\"og:site_name\" content=\"Cleura\" \/>\n<meta property=\"article:publisher\" content=\"https:\/\/www.facebook.com\/CleuraCloud\" \/>\n<meta property=\"article:modified_time\" content=\"2025-11-19T12:56:41+00:00\" \/>\n<meta property=\"og:image\" content=\"https:\/\/cleura.com\/wp-content\/uploads\/2022\/04\/SoMe-Cleura-2022-2.png\" \/>\n\t<meta property=\"og:image:width\" content=\"1200\" \/>\n\t<meta property=\"og:image:height\" content=\"627\" \/>\n\t<meta property=\"og:image:type\" content=\"image\/png\" \/>\n<meta name=\"twitter:card\" content=\"summary_large_image\" \/>\n<meta name=\"twitter:site\" content=\"@cleuracloud\" \/>\n<meta name=\"twitter:label1\" content=\"Ber\u00e4knad l\u00e4stid\" \/>\n\t<meta name=\"twitter:data1\" content=\"1 minut\" \/>\n<script type=\"application\/ld+json\" class=\"yoast-schema-graph\">{\"@context\":\"https:\\\/\\\/schema.org\",\"@graph\":[{\"@type\":\"WebPage\",\"@id\":\"https:\\\/\\\/cleura.com\\\/sv\\\/404-page-not-found\\\/\",\"url\":\"https:\\\/\\\/cleura.com\\\/sv\\\/404-page-not-found\\\/\",\"name\":\"404 Sidan finns inte | Cleura\",\"isPartOf\":{\"@id\":\"https:\\\/\\\/cleura.com\\\/sv\\\/#website\"},\"datePublished\":\"2022-03-10T07:23:53+00:00\",\"dateModified\":\"2025-11-19T12:56:41+00:00\",\"description\":\"Tyv\u00e4rr, den h\u00e4r sidan kunde inte hittas. Anv\u00e4nd l\u00e4nkarna nedan f\u00f6r att hitta det du s\u00f6ker.\",\"breadcrumb\":{\"@id\":\"https:\\\/\\\/cleura.com\\\/sv\\\/404-page-not-found\\\/#breadcrumb\"},\"inLanguage\":\"sv-SE\",\"potentialAction\":[{\"@type\":\"ReadAction\",\"target\":[\"https:\\\/\\\/cleura.com\\\/sv\\\/404-page-not-found\\\/\"]}]},{\"@type\":\"BreadcrumbList\",\"@id\":\"https:\\\/\\\/cleura.com\\\/sv\\\/404-page-not-found\\\/#breadcrumb\",\"itemListElement\":[{\"@type\":\"ListItem\",\"position\":1,\"name\":\"Hem\",\"item\":\"https:\\\/\\\/cleura.com\\\/sv\\\/cleura-det-europeiska-molnet\\\/\"},{\"@type\":\"ListItem\",\"position\":2,\"name\":\"404\"}]},{\"@type\":\"WebSite\",\"@id\":\"https:\\\/\\\/cleura.com\\\/sv\\\/#website\",\"url\":\"https:\\\/\\\/cleura.com\\\/sv\\\/\",\"name\":\"Cleura\",\"description\":\"Freedom to innovate\",\"publisher\":{\"@id\":\"https:\\\/\\\/cleura.com\\\/sv\\\/#organization\"},\"potentialAction\":[{\"@type\":\"SearchAction\",\"target\":{\"@type\":\"EntryPoint\",\"urlTemplate\":\"https:\\\/\\\/cleura.com\\\/sv\\\/?s={search_term_string}\"},\"query-input\":{\"@type\":\"PropertyValueSpecification\",\"valueRequired\":true,\"valueName\":\"search_term_string\"}}],\"inLanguage\":\"sv-SE\"},{\"@type\":\"Organization\",\"@id\":\"https:\\\/\\\/cleura.com\\\/sv\\\/#organization\",\"name\":\"Cleura\",\"url\":\"https:\\\/\\\/cleura.com\\\/sv\\\/\",\"logo\":{\"@type\":\"ImageObject\",\"inLanguage\":\"sv-SE\",\"@id\":\"https:\\\/\\\/cleura.com\\\/sv\\\/#\\\/schema\\\/logo\\\/image\\\/\",\"url\":\"https:\\\/\\\/cleura.com\\\/wp-content\\\/uploads\\\/2022\\\/04\\\/Cleura-Logotyp-Svart.png\",\"contentUrl\":\"https:\\\/\\\/cleura.com\\\/wp-content\\\/uploads\\\/2022\\\/04\\\/Cleura-Logotyp-Svart.png\",\"width\":1000,\"height\":237,\"caption\":\"Cleura\"},\"image\":{\"@id\":\"https:\\\/\\\/cleura.com\\\/sv\\\/#\\\/schema\\\/logo\\\/image\\\/\"},\"sameAs\":[\"https:\\\/\\\/www.facebook.com\\\/CleuraCloud\",\"https:\\\/\\\/x.com\\\/cleuracloud\",\"https:\\\/\\\/www.linkedin.com\\\/company\\\/cleura\",\"https:\\\/\\\/www.youtube.com\\\/c\\\/Cleura\"]}]}<\/script>\n<!-- \/ Yoast SEO Premium plugin. -->","yoast_head_json":{"title":"404 Sidan finns inte | Cleura","description":"Tyv\u00e4rr, den h\u00e4r sidan kunde inte hittas. Anv\u00e4nd l\u00e4nkarna nedan f\u00f6r att hitta det du s\u00f6ker.","robots":{"index":"index","follow":"follow","max-snippet":"max-snippet:-1","max-image-preview":"max-image-preview:large","max-video-preview":"max-video-preview:-1"},"canonical":"https:\/\/cleura.com\/sv\/404-page-not-found\/","og_locale":"sv_SE","og_type":"article","og_title":"404","og_description":"Tyv\u00e4rr, den h\u00e4r sidan kunde inte hittas. Anv\u00e4nd l\u00e4nkarna nedan f\u00f6r att hitta det du s\u00f6ker.","og_url":"https:\/\/cleura.com\/sv\/404-page-not-found\/","og_site_name":"Cleura","article_publisher":"https:\/\/www.facebook.com\/CleuraCloud","article_modified_time":"2025-11-19T12:56:41+00:00","og_image":[{"width":1200,"height":627,"url":"https:\/\/cleura.com\/wp-content\/uploads\/2022\/04\/SoMe-Cleura-2022-2.png","type":"image\/png"}],"twitter_card":"summary_large_image","twitter_site":"@cleuracloud","twitter_misc":{"Ber\u00e4knad l\u00e4stid":"1 minut"},"schema":{"@context":"https:\/\/schema.org","@graph":[{"@type":"WebPage","@id":"https:\/\/cleura.com\/sv\/404-page-not-found\/","url":"https:\/\/cleura.com\/sv\/404-page-not-found\/","name":"404 Sidan finns inte | Cleura","isPartOf":{"@id":"https:\/\/cleura.com\/sv\/#website"},"datePublished":"2022-03-10T07:23:53+00:00","dateModified":"2025-11-19T12:56:41+00:00","description":"Tyv\u00e4rr, den h\u00e4r sidan kunde inte hittas. Anv\u00e4nd l\u00e4nkarna nedan f\u00f6r att hitta det du s\u00f6ker.","breadcrumb":{"@id":"https:\/\/cleura.com\/sv\/404-page-not-found\/#breadcrumb"},"inLanguage":"sv-SE","potentialAction":[{"@type":"ReadAction","target":["https:\/\/cleura.com\/sv\/404-page-not-found\/"]}]},{"@type":"BreadcrumbList","@id":"https:\/\/cleura.com\/sv\/404-page-not-found\/#breadcrumb","itemListElement":[{"@type":"ListItem","position":1,"name":"Hem","item":"https:\/\/cleura.com\/sv\/cleura-det-europeiska-molnet\/"},{"@type":"ListItem","position":2,"name":"404"}]},{"@type":"WebSite","@id":"https:\/\/cleura.com\/sv\/#website","url":"https:\/\/cleura.com\/sv\/","name":"Cleura","description":"Freedom to innovate","publisher":{"@id":"https:\/\/cleura.com\/sv\/#organization"},"potentialAction":[{"@type":"SearchAction","target":{"@type":"EntryPoint","urlTemplate":"https:\/\/cleura.com\/sv\/?s={search_term_string}"},"query-input":{"@type":"PropertyValueSpecification","valueRequired":true,"valueName":"search_term_string"}}],"inLanguage":"sv-SE"},{"@type":"Organization","@id":"https:\/\/cleura.com\/sv\/#organization","name":"Cleura","url":"https:\/\/cleura.com\/sv\/","logo":{"@type":"ImageObject","inLanguage":"sv-SE","@id":"https:\/\/cleura.com\/sv\/#\/schema\/logo\/image\/","url":"https:\/\/cleura.com\/wp-content\/uploads\/2022\/04\/Cleura-Logotyp-Svart.png","contentUrl":"https:\/\/cleura.com\/wp-content\/uploads\/2022\/04\/Cleura-Logotyp-Svart.png","width":1000,"height":237,"caption":"Cleura"},"image":{"@id":"https:\/\/cleura.com\/sv\/#\/schema\/logo\/image\/"},"sameAs":["https:\/\/www.facebook.com\/CleuraCloud","https:\/\/x.com\/cleuracloud","https:\/\/www.linkedin.com\/company\/cleura","https:\/\/www.youtube.com\/c\/Cleura"]}]}},"_links":{"self":[{"href":"https:\/\/cleura.com\/sv\/wp-json\/wp\/v2\/pages\/7914","targetHints":{"allow":["GET"]}}],"collection":[{"href":"https:\/\/cleura.com\/sv\/wp-json\/wp\/v2\/pages"}],"about":[{"href":"https:\/\/cleura.com\/sv\/wp-json\/wp\/v2\/types\/page"}],"author":[{"embeddable":true,"href":"https:\/\/cleura.com\/sv\/wp-json\/wp\/v2\/users\/1"}],"replies":[{"embeddable":true,"href":"https:\/\/cleura.com\/sv\/wp-json\/wp\/v2\/comments?post=7914"}],"version-history":[{"count":9,"href":"https:\/\/cleura.com\/sv\/wp-json\/wp\/v2\/pages\/7914\/revisions"}],"predecessor-version":[{"id":29026,"href":"https:\/\/cleura.com\/sv\/wp-json\/wp\/v2\/pages\/7914\/revisions\/29026"}],"wp:attachment":[{"href":"https:\/\/cleura.com\/sv\/wp-json\/wp\/v2\/media?parent=7914"}],"curies":[{"name":"wp","href":"https:\/\/api.w.org\/{rel}","templated":true}]}}