{"id":8551,"date":"2022-03-10T07:40:11","date_gmt":"2022-03-10T07:40:11","guid":{"rendered":"http:\/\/46.254.15.9\/industries\/"},"modified":"2026-02-18T09:31:49","modified_gmt":"2026-02-18T08:31:49","slug":"branshcer","status":"publish","type":"page","link":"https:\/\/cleura.com\/sv\/branshcer\/","title":{"rendered":"Branscher"},"content":{"rendered":"<div id=\"cs-content\" class=\"cs-content\"><div class=\"x-section e8551-e1 m6lj-0\"><div class=\"x-div e8551-e2 m6lj-4 m6lj-5 m6lj-6 m6lj-7 m6lj-8\"><div class=\"x-div x-hide-lg x-hide-md x-hide-sm x-hide-xs e8551-e3 m6lj-5 m6lj-6 m6lj-9 m6lj-a m6lj-b m6lj-c m6lj-d m6lj-e m6lj-f\"><\/div><div class=\"x-div e8551-e4 m6lj-5 m6lj-6 m6lj-7 m6lj-b m6lj-c m6lj-d m6lj-e m6lj-f m6lj-g m6lj-h\"><\/div><div class=\"x-div x-hide-sm x-hide-xs e8551-e5 m6lj-5 m6lj-6 m6lj-9 m6lj-b m6lj-c m6lj-i m6lj-j m6lj-k m6lj-l\"><\/div><div class=\"x-div e8551-e6 m6lj-5 m6lj-6 m6lj-b m6lj-e m6lj-g m6lj-k m6lj-l m6lj-m m6lj-n\"><\/div><div class=\"x-div e8551-e7 m6lj-5 m6lj-6 m6lj-c m6lj-e m6lj-f m6lj-i m6lj-l m6lj-m m6lj-o\"><\/div><\/div><div class=\"x-row x-container max width e8551-e8 m6lj-s m6lj-t m6lj-u m6lj-v m6lj-w m6lj-x m6lj-11 m6lj-12\"><div class=\"x-row-inner\"><div class=\"x-col e8551-e9 m6lj-16 m6lj-17 m6lj-18 m6lj-19\"><div class=\"x-text x-text-headline e8551-e10 m6lj-1c m6lj-1d m6lj-1e m6lj-1f\"><div class=\"x-text-content\"><div class=\"x-text-content-text\"><h1 class=\"x-text-content-text-primary\">Branscher<\/h1>\n<\/div><\/div><\/div><hr class=\"x-line e8551-e11 m6lj-1i\"\/><div class=\"x-text x-content e8551-e12 m6lj-1j m6lj-1k m6lj-1l\">N\u00e4stan alla branscher \u00e4r under h\u00e5rt tryck fr\u00e5n de hyper-digitala, snabba och teknikdrivna utmanarna. Sprungna ur de \u00e4ndl\u00f6sa m\u00f6jligheterna som molnet ger tar nya betaltj\u00e4nster, nischade f\u00f6rs\u00e4kringsbolag och MedTech-f\u00f6retag enorma kliv fram\u00e5t. Kunderna vill ha en friktionsfri, digital upplevelse och vinner g\u00f6r den som snabbt kan anpassa sig och h\u00f6rsamma kraven.<\/div><\/div><\/div><\/div><div class=\"x-row x-container max width e8551-e13 m6lj-s m6lj-u m6lj-v m6lj-w m6lj-y m6lj-11 m6lj-13\"><div class=\"x-row-inner\"><div class=\"x-col e8551-e14 m6lj-16 m6lj-17 m6lj-18 m6lj-19 m6lj-1a\"><div class=\"x-text x-text-headline e8551-e15 m6lj-1c m6lj-1d m6lj-1g\"><div class=\"x-text-content\"><div class=\"x-text-content-text\"><h3 class=\"x-text-content-text-primary\">Vi utj\u00e4mnar spelplanen<\/h3>\n<\/div><\/div><\/div><div class=\"x-text x-content e8551-e16 m6lj-1j m6lj-1k m6lj-1m m6lj-1n\">Det som skiljer utmanarna fr\u00e5n traditionella storbolag \u00e4r dels deras f\u00f6rm\u00e5ga att dra nytta av etablerade strukturer och verktyg, men framf\u00f6r allt deras m\u00f6jlighet att fritt anv\u00e4nda programmerbar IT-infrastruktur. Detta l\u00e4mnar traditionella organisationer, tyngda av den v\u00e4letablerade strukturen i \u00e4ldre system och infrastruktur, i ett dammmoln av krav p\u00e5 regelefterlevnad.\n\n<br><br>\n\nVi levererar tj\u00e4nster till n\u00e5gra av v\u00e4rldens st\u00f6rsta s\u00e4kerhetsf\u00f6retag, bolag i h\u00e5rt reglerade branscher och startups. V\u00e5ra molntj\u00e4nster med inbyggd regelefterlevnad j\u00e4mnar ut konkurrensen och erbjuder f\u00f6retag inom reglerade branscher samma m\u00f6jligheter. Med en direkt relation med v\u00e5ra kunder samarbetar vi f\u00f6r att skapa de b\u00e4sta f\u00f6ruts\u00e4ttningarna f\u00f6r deras framg\u00e5ng.<\/div><\/div><\/div><\/div><div class=\"x-row x-container max width e8551-e17 m6lj-s m6lj-u m6lj-x m6lj-z m6lj-11 m6lj-14\"><div class=\"x-row-inner\"><div class=\"x-col e8551-e18 m6lj-18 m6lj-19\"><div class=\"x-row e8551-e19 m6lj-s m6lj-w m6lj-10 m6lj-15\"><div class=\"x-row-inner\"><a class=\"x-col e8551-e20 m6lj-16 m6lj-18 m6lj-1b m6lj-1 m6lj-2\" href=\"https:\/\/cleura.com\/sv\/pressmeddelanden\/folksam-valjer-city-network\/\" data-x-effect-provider=\"colors particles effects\" data-x-effect=\"{&quot;durationBase&quot;:&quot;400ms&quot;}\"><div class=\"x-div e8551-e21 m6lj-5 m6lj-8 m6lj-p m6lj-q\"><span class=\"x-image e8551-e22 m6lj-1p\"><img decoding=\"async\" src=\"https:\/\/cleura.com\/wp-content\/uploads\/2016\/02\/Folksam-1.jpg\" width=\"455\" height=\"249\" alt=\"Featured image for \u201cFolksam v\u00e4ljer City Network\u201d\" loading=\"lazy\"><\/span><\/div><div class=\"x-div e8551-e23 m6lj-5 m6lj-8 m6lj-p m6lj-r\"><div class=\"x-text x-text-headline e8551-e24 m6lj-1d m6lj-1e m6lj-1h m6lj-1 m6lj-3\"><div class=\"x-text-content\"><div class=\"x-text-content-text\"><h2 class=\"x-text-content-text-primary\">Folksam v\u00e4ljer City Network<\/h2>\n<\/div><\/div><\/div><div class=\"x-text x-content x-hide-lg x-hide-md x-hide-sm x-hide-xl x-hide-xs e8551-e25 m6lj-1k m6lj-1m m6lj-1o\">City Network, en av Europas snabbast v\u00e4xande leverant\u00f6rer av infrastruktur som tj\u00e4nst (IaaS), meddelar idag att Folksam, ett av Sveriges&hellip;<\/div><\/div><\/a><a class=\"x-col e8551-e20 m6lj-16 m6lj-18 m6lj-1b m6lj-1 m6lj-2\" href=\"https:\/\/cleura.com\/sv\/pressmeddelanden\/sbab-okar-innovationstakten-med-city-network-utokar-molnavtal\/\" data-x-effect-provider=\"colors particles effects\" data-x-effect=\"{&quot;durationBase&quot;:&quot;400ms&quot;}\"><div class=\"x-div e8551-e21 m6lj-5 m6lj-8 m6lj-p m6lj-q\"><span class=\"x-image e8551-e22 m6lj-1p\"><img decoding=\"async\" src=\"https:\/\/cleura.com\/wp-content\/uploads\/2022\/04\/SBAB-Digital-Transformation-3.jpg\" width=\"960\" height=\"540\" alt=\"Featured image for \u201cSBAB \u00f6kar innovationstakten med City Network \u2013 ut\u00f6kar molnavtal\u201d\" loading=\"lazy\"><\/span><\/div><div class=\"x-div e8551-e23 m6lj-5 m6lj-8 m6lj-p m6lj-r\"><div class=\"x-text x-text-headline e8551-e24 m6lj-1d m6lj-1e m6lj-1h m6lj-1 m6lj-3\"><div class=\"x-text-content\"><div class=\"x-text-content-text\"><h2 class=\"x-text-content-text-primary\">SBAB \u00f6kar innovationstakten med City Network \u2013 ut\u00f6kar molnavtal<\/h2>\n<\/div><\/div><\/div><div class=\"x-text x-content x-hide-lg x-hide-md x-hide-sm x-hide-xl x-hide-xs e8551-e25 m6lj-1k m6lj-1m m6lj-1o\">City Network, en ledande global leverant\u00f6r av molntj\u00e4nster baserade p\u00e5 OpenStack, meddelar att f\u00f6retaget ut\u00f6kar sitt avtal med en av&hellip;<\/div><\/div><\/a><a class=\"x-col e8551-e20 m6lj-16 m6lj-18 m6lj-1b m6lj-1 m6lj-2\" href=\"https:\/\/cleura.com\/sv\/pressmeddelanden\/scrive-vaxer-pa-city-networks-moln\/\" data-x-effect-provider=\"colors particles effects\" data-x-effect=\"{&quot;durationBase&quot;:&quot;400ms&quot;}\"><div class=\"x-div e8551-e21 m6lj-5 m6lj-8 m6lj-p m6lj-q\"><span class=\"x-image e8551-e22 m6lj-1p\"><img decoding=\"async\" src=\"https:\/\/cleura.com\/wp-content\/uploads\/2022\/04\/Scrive-press-image-mobile-1.jpg\" width=\"980\" height=\"500\" alt=\"Featured image for \u201cScrive v\u00e4xer p\u00e5 City Networks moln\u201d\" loading=\"lazy\"><\/span><\/div><div class=\"x-div e8551-e23 m6lj-5 m6lj-8 m6lj-p m6lj-r\"><div class=\"x-text x-text-headline e8551-e24 m6lj-1d m6lj-1e m6lj-1h m6lj-1 m6lj-3\"><div class=\"x-text-content\"><div class=\"x-text-content-text\"><h2 class=\"x-text-content-text-primary\">Scrive v\u00e4xer p\u00e5 City Networks moln<\/h2>\n<\/div><\/div><\/div><div class=\"x-text x-content x-hide-lg x-hide-md x-hide-sm x-hide-xl x-hide-xs e8551-e25 m6lj-1k m6lj-1m m6lj-1o\">City Network, en ledande europeisk leverant\u00f6r av molntj\u00e4nster baserade p\u00e5 OpenStack, har tecknat ett nytt avtal med det svenska snabbv\u00e4xande&hellip;<\/div><\/div><\/a><a class=\"x-col e8551-e20 m6lj-16 m6lj-18 m6lj-1b m6lj-1 m6lj-2\" href=\"https:\/\/cleura.com\/sv\/pressmeddelanden\/lendo-valjer-city-network\/\" data-x-effect-provider=\"colors particles effects\" data-x-effect=\"{&quot;durationBase&quot;:&quot;400ms&quot;}\"><div class=\"x-div e8551-e21 m6lj-5 m6lj-8 m6lj-p m6lj-q\"><span class=\"x-image e8551-e22 m6lj-1p\"><img decoding=\"async\" src=\"https:\/\/cleura.com\/wp-content\/uploads\/2022\/04\/Lendo_boll_nobyline_RGB-2-1.png\" width=\"502\" height=\"181\" alt=\"Featured image for \u201cLendo v\u00e4ljer City Network\u201d\" loading=\"lazy\"><\/span><\/div><div class=\"x-div e8551-e23 m6lj-5 m6lj-8 m6lj-p m6lj-r\"><div class=\"x-text x-text-headline e8551-e24 m6lj-1d m6lj-1e m6lj-1h m6lj-1 m6lj-3\"><div class=\"x-text-content\"><div class=\"x-text-content-text\"><h2 class=\"x-text-content-text-primary\">Lendo v\u00e4ljer City Network<\/h2>\n<\/div><\/div><\/div><div class=\"x-text x-content x-hide-lg x-hide-md x-hide-sm x-hide-xl x-hide-xs e8551-e25 m6lj-1k m6lj-1m m6lj-1o\">City Network, en ledande global leverant\u00f6r av IT-infrastruktur som tj\u00e4nst (IaaS) baserad p\u00e5 OpenStack, meddelar idag att Lendo har valt&hellip;<\/div><\/div><\/a><a class=\"x-col e8551-e20 m6lj-16 m6lj-18 m6lj-1b m6lj-1 m6lj-2\" href=\"https:\/\/cleura.com\/sv\/pressmeddelanden\/nexus-group-valjer-city-network\/\" data-x-effect-provider=\"colors particles effects\" data-x-effect=\"{&quot;durationBase&quot;:&quot;400ms&quot;}\"><div class=\"x-div e8551-e21 m6lj-5 m6lj-8 m6lj-p m6lj-q\"><span class=\"x-image e8551-e22 m6lj-1p\"><img decoding=\"async\" src=\"https:\/\/cleura.com\/wp-content\/uploads\/2022\/04\/Locations-Map-x2-5-1-3.png\" width=\"1280\" height=\"711\" alt=\"Featured image for \u201cNexus Group v\u00e4ljer City Network\u201d\" loading=\"lazy\"><\/span><\/div><div class=\"x-div e8551-e23 m6lj-5 m6lj-8 m6lj-p m6lj-r\"><div class=\"x-text x-text-headline e8551-e24 m6lj-1d m6lj-1e m6lj-1h m6lj-1 m6lj-3\"><div class=\"x-text-content\"><div class=\"x-text-content-text\"><h2 class=\"x-text-content-text-primary\">Nexus Group v\u00e4ljer City Network<\/h2>\n<\/div><\/div><\/div><div class=\"x-text x-content x-hide-lg x-hide-md x-hide-sm x-hide-xl x-hide-xs e8551-e25 m6lj-1k m6lj-1m m6lj-1o\">City Network, en ledande global leverant\u00f6r av molntj\u00e4nster meddelar idag att Nexus Group har valt f\u00f6retagets tj\u00e4nst Compliant Cloud. Nexus&hellip;<\/div><\/div><\/a><a class=\"x-col e8551-e20 m6lj-16 m6lj-18 m6lj-1b m6lj-1 m6lj-2\" href=\"https:\/\/cleura.com\/sv\/pressmeddelanden\/city-cloud-far-nyckelroll-nar-bonnier-news-framtidssakrar-kallskyddet\/\" data-x-effect-provider=\"colors particles effects\" data-x-effect=\"{&quot;durationBase&quot;:&quot;400ms&quot;}\"><div class=\"x-div e8551-e21 m6lj-5 m6lj-8 m6lj-p m6lj-q\"><span class=\"x-image e8551-e22 m6lj-1p\"><img decoding=\"async\" src=\"https:\/\/cleura.com\/wp-content\/uploads\/2022\/04\/CityNetwork-Bonnier-1-1.jpg\" width=\"960\" height=\"540\" alt=\"Featured image for \u201cCity Cloud f\u00e5r nyckelroll n\u00e4r Bonnier News framtidss\u00e4krar k\u00e4llskyddet\u201d\" loading=\"lazy\"><\/span><\/div><div class=\"x-div e8551-e23 m6lj-5 m6lj-8 m6lj-p m6lj-r\"><div class=\"x-text x-text-headline e8551-e24 m6lj-1d m6lj-1e m6lj-1h m6lj-1 m6lj-3\"><div class=\"x-text-content\"><div class=\"x-text-content-text\"><h2 class=\"x-text-content-text-primary\">City Cloud f\u00e5r nyckelroll n\u00e4r Bonnier News framtidss\u00e4krar k\u00e4llskyddet<\/h2>\n<\/div><\/div><\/div><div class=\"x-text x-content x-hide-lg x-hide-md x-hide-sm x-hide-xl x-hide-xs e8551-e25 m6lj-1k m6lj-1m m6lj-1o\">City Network, en ledande leverant\u00f6r av molntj\u00e4nster f\u00f6r it-infrastruktur har inlett ett samarbete med Bonnier News. Mediekoncernen kommer att anv\u00e4nda&hellip;<\/div><\/div><\/a><a class=\"x-col e8551-e20 m6lj-16 m6lj-18 m6lj-1b m6lj-1 m6lj-2\" href=\"https:\/\/cleura.com\/sv\/pressmeddelanden\/sbab-valjer-city-network\/\" data-x-effect-provider=\"colors particles effects\" data-x-effect=\"{&quot;durationBase&quot;:&quot;400ms&quot;}\"><div class=\"x-div e8551-e21 m6lj-5 m6lj-8 m6lj-p m6lj-q\"><span class=\"x-image e8551-e22 m6lj-1p\"><img decoding=\"async\" src=\"https:\/\/cleura.com\/wp-content\/uploads\/2022\/04\/SBAB-Digital-Transformation-2.jpg\" width=\"960\" height=\"444\" alt=\"Featured image for \u201cSBAB v\u00e4ljer City Network\u201d\" loading=\"lazy\"><\/span><\/div><div class=\"x-div e8551-e23 m6lj-5 m6lj-8 m6lj-p m6lj-r\"><div class=\"x-text x-text-headline e8551-e24 m6lj-1d m6lj-1e m6lj-1h m6lj-1 m6lj-3\"><div class=\"x-text-content\"><div class=\"x-text-content-text\"><h2 class=\"x-text-content-text-primary\">SBAB v\u00e4ljer City Network<\/h2>\n<\/div><\/div><\/div><div class=\"x-text x-content x-hide-lg x-hide-md x-hide-sm x-hide-xl x-hide-xs e8551-e25 m6lj-1k m6lj-1m m6lj-1o\">City Network, en ledande global leverant\u00f6r av IT-infrastruktur som tj\u00e4nst (IaaS) baserad p\u00e5 OpenStack, meddelar idag att SBAB Bank AB&hellip;<\/div><\/div><\/a><a class=\"x-col e8551-e20 m6lj-16 m6lj-18 m6lj-1b m6lj-1 m6lj-2\" href=\"https:\/\/cleura.com\/sv\/pressmeddelanden\/gieseckedevrient-mobile-security-valjer-city-network-som-global-molnpartner\/\" data-x-effect-provider=\"colors particles effects\" data-x-effect=\"{&quot;durationBase&quot;:&quot;400ms&quot;}\"><div class=\"x-div e8551-e21 m6lj-5 m6lj-8 m6lj-p m6lj-q\"><span class=\"x-image e8551-e22 m6lj-1p\"><img decoding=\"async\" src=\"https:\/\/cleura.com\/wp-content\/uploads\/2022\/04\/gd-mobile-security-2-1-1.jpg\" width=\"500\" height=\"250\" alt=\"Featured image for \u201cGiesecke+Devrient Mobile Security v\u00e4ljer City Network som global molnpartner\u201d\" loading=\"lazy\"><\/span><\/div><div class=\"x-div e8551-e23 m6lj-5 m6lj-8 m6lj-p m6lj-r\"><div class=\"x-text x-text-headline e8551-e24 m6lj-1d m6lj-1e m6lj-1h m6lj-1 m6lj-3\"><div class=\"x-text-content\"><div class=\"x-text-content-text\"><h2 class=\"x-text-content-text-primary\">Giesecke+Devrient Mobile Security v\u00e4ljer City Network som global molnpartner<\/h2>\n<\/div><\/div><\/div><div class=\"x-text x-content x-hide-lg x-hide-md x-hide-sm x-hide-xl x-hide-xs e8551-e25 m6lj-1k m6lj-1m m6lj-1o\">City Network, en ledande global leverant\u00f6r av molntj\u00e4nster f\u00f6r IT-infrastruktur (IaaS) baserad p\u00e5 OpenStack, och G+D Mobile Security, ett globalt&hellip;<\/div><\/div><\/a><a class=\"x-col e8551-e20 m6lj-16 m6lj-18 m6lj-1b m6lj-1 m6lj-2\" href=\"https:\/\/cleura.com\/sv\/pressmeddelanden\/globala-byggjatten-drake-scull-valjer-city-network\/\" data-x-effect-provider=\"colors particles effects\" data-x-effect=\"{&quot;durationBase&quot;:&quot;400ms&quot;}\"><div class=\"x-div e8551-e21 m6lj-5 m6lj-8 m6lj-p m6lj-q\"><span class=\"x-image e8551-e22 m6lj-1p\"><img decoding=\"async\" src=\"https:\/\/cleura.com\/wp-content\/uploads\/2022\/04\/david-rodrigo-470187-unsplash-1-1.jpg\" width=\"1200\" height=\"800\" alt=\"Featured image for \u201cGlobala byggj\u00e4tten Drake &#038; Scull v\u00e4ljer City Network\u201d\" loading=\"lazy\"><\/span><\/div><div class=\"x-div e8551-e23 m6lj-5 m6lj-8 m6lj-p m6lj-r\"><div class=\"x-text x-text-headline e8551-e24 m6lj-1d m6lj-1e m6lj-1h m6lj-1 m6lj-3\"><div class=\"x-text-content\"><div class=\"x-text-content-text\"><h2 class=\"x-text-content-text-primary\">Globala byggj\u00e4tten Drake &#038; Scull v\u00e4ljer City Network<\/h2>\n<\/div><\/div><\/div><div class=\"x-text x-content x-hide-lg x-hide-md x-hide-sm x-hide-xl x-hide-xs e8551-e25 m6lj-1k m6lj-1m m6lj-1o\">City Network, en ledande global leverant\u00f6r av molntj\u00e4nster f\u00f6r it-infrastruktur baserad p\u00e5 OpenStack, meddelar att det internationella teknik- och byggf\u00f6retaget&hellip;<\/div><\/div><\/a><\/div><\/div><\/div><\/div><\/div><\/div><\/div>","protected":false},"excerpt":{"rendered":"<p>Branscher N\u00e4stan alla branscher \u00e4r under h\u00e5rt tryck fr\u00e5n de hyper-digitala, snabba och teknikdrivna utmanarna. Sprungna ur de \u00e4ndl\u00f6sa m\u00f6jligheterna som molnet ger tar nya betaltj\u00e4nster, nischade f\u00f6rs\u00e4kringsbolag och MedTech-f\u00f6retag enorma kliv fram\u00e5t. Kunderna vill ha en friktionsfri, digital upplevelse och vinner g\u00f6r den som snabbt kan anpassa sig och h\u00f6rsamma kraven.Vi utj\u00e4mnar spelplanen Det som skiljer utmanarna fr\u00e5n traditionella &#8230; <\/p>\n<div><a href=\"https:\/\/cleura.com\/sv\/branshcer\/\" class=\"more-link\">Read More<\/a><\/div>\n","protected":false},"author":1,"featured_media":0,"parent":0,"menu_order":0,"comment_status":"closed","ping_status":"closed","template":"template-blank-4.php","meta":{"footnotes":""},"class_list":["post-8551","page","type-page","status-publish","hentry","no-post-thumbnail"],"yoast_head":"<!-- This site is optimized with the Yoast SEO Premium plugin v27.3 (Yoast SEO v27.3) - https:\/\/yoast.com\/product\/yoast-seo-premium-wordpress\/ -->\n<title>Branscher - Cleura - Molntj\u00e4nster<\/title>\n<meta name=\"description\" content=\"Cleura levererar molntj\u00e4nster till m\u00e5nga branscher - n\u00e5gra av v\u00e4rldens st\u00f6rsta s\u00e4kerhetsf\u00f6retag, banker, finansinstitut samt startups.\" \/>\n<meta name=\"robots\" content=\"index, follow, max-snippet:-1, max-image-preview:large, max-video-preview:-1\" \/>\n<link rel=\"canonical\" href=\"https:\/\/cleura.com\/sv\/branshcer\/\" \/>\n<meta property=\"og:locale\" content=\"sv_SE\" \/>\n<meta property=\"og:type\" content=\"article\" \/>\n<meta property=\"og:title\" content=\"Branscher\" \/>\n<meta property=\"og:description\" content=\"Cleura levererar molntj\u00e4nster till m\u00e5nga branscher - n\u00e5gra av v\u00e4rldens st\u00f6rsta s\u00e4kerhetsf\u00f6retag, banker, finansinstitut samt startups.\" \/>\n<meta property=\"og:url\" content=\"https:\/\/cleura.com\/sv\/branshcer\/\" \/>\n<meta property=\"og:site_name\" content=\"Cleura\" \/>\n<meta property=\"article:publisher\" content=\"https:\/\/www.facebook.com\/CleuraCloud\" \/>\n<meta property=\"article:modified_time\" content=\"2026-02-18T08:31:49+00:00\" \/>\n<meta property=\"og:image\" content=\"https:\/\/cleura.com\/wp-content\/uploads\/2022\/04\/david-rodrigo-470187-unsplash-1.jpg\" \/>\n<meta name=\"twitter:card\" content=\"summary_large_image\" \/>\n<meta name=\"twitter:description\" content=\"Cleura levererar molntj\u00e4nster till m\u00e5nga branscher - n\u00e5gra av v\u00e4rldens st\u00f6rsta s\u00e4kerhetsf\u00f6retag, banker, finansinstitut samt startups.\" \/>\n<meta name=\"twitter:site\" content=\"@cleuracloud\" \/>\n<meta name=\"twitter:label1\" content=\"Ber\u00e4knad l\u00e4stid\" \/>\n\t<meta name=\"twitter:data1\" content=\"1 minut\" \/>\n<script type=\"application\/ld+json\" class=\"yoast-schema-graph\">{\"@context\":\"https:\\\/\\\/schema.org\",\"@graph\":[{\"@type\":\"WebPage\",\"@id\":\"https:\\\/\\\/cleura.com\\\/sv\\\/branshcer\\\/\",\"url\":\"https:\\\/\\\/cleura.com\\\/sv\\\/branshcer\\\/\",\"name\":\"Branscher - Cleura - Molntj\u00e4nster\",\"isPartOf\":{\"@id\":\"https:\\\/\\\/cleura.com\\\/sv\\\/#website\"},\"primaryImageOfPage\":{\"@id\":\"https:\\\/\\\/cleura.com\\\/sv\\\/branshcer\\\/#primaryimage\"},\"image\":{\"@id\":\"https:\\\/\\\/cleura.com\\\/sv\\\/branshcer\\\/#primaryimage\"},\"thumbnailUrl\":\"https:\\\/\\\/cleura.com\\\/wp-content\\\/uploads\\\/2022\\\/04\\\/david-rodrigo-470187-unsplash-1.jpg\",\"datePublished\":\"2022-03-10T07:40:11+00:00\",\"dateModified\":\"2026-02-18T08:31:49+00:00\",\"description\":\"Cleura levererar molntj\u00e4nster till m\u00e5nga branscher - n\u00e5gra av v\u00e4rldens st\u00f6rsta s\u00e4kerhetsf\u00f6retag, banker, finansinstitut samt startups.\",\"breadcrumb\":{\"@id\":\"https:\\\/\\\/cleura.com\\\/sv\\\/branshcer\\\/#breadcrumb\"},\"inLanguage\":\"sv-SE\",\"potentialAction\":[{\"@type\":\"ReadAction\",\"target\":[\"https:\\\/\\\/cleura.com\\\/sv\\\/branshcer\\\/\"]}]},{\"@type\":\"ImageObject\",\"inLanguage\":\"sv-SE\",\"@id\":\"https:\\\/\\\/cleura.com\\\/sv\\\/branshcer\\\/#primaryimage\",\"url\":\"https:\\\/\\\/cleura.com\\\/wp-content\\\/uploads\\\/2022\\\/04\\\/david-rodrigo-470187-unsplash-1.jpg\",\"contentUrl\":\"https:\\\/\\\/cleura.com\\\/wp-content\\\/uploads\\\/2022\\\/04\\\/david-rodrigo-470187-unsplash-1.jpg\"},{\"@type\":\"BreadcrumbList\",\"@id\":\"https:\\\/\\\/cleura.com\\\/sv\\\/branshcer\\\/#breadcrumb\",\"itemListElement\":[{\"@type\":\"ListItem\",\"position\":1,\"name\":\"Hem\",\"item\":\"https:\\\/\\\/cleura.com\\\/sv\\\/cleura-det-europeiska-molnet\\\/\"},{\"@type\":\"ListItem\",\"position\":2,\"name\":\"Branscher\"}]},{\"@type\":\"WebSite\",\"@id\":\"https:\\\/\\\/cleura.com\\\/sv\\\/#website\",\"url\":\"https:\\\/\\\/cleura.com\\\/sv\\\/\",\"name\":\"Cleura\",\"description\":\"Freedom to innovate\",\"publisher\":{\"@id\":\"https:\\\/\\\/cleura.com\\\/sv\\\/#organization\"},\"potentialAction\":[{\"@type\":\"SearchAction\",\"target\":{\"@type\":\"EntryPoint\",\"urlTemplate\":\"https:\\\/\\\/cleura.com\\\/sv\\\/?s={search_term_string}\"},\"query-input\":{\"@type\":\"PropertyValueSpecification\",\"valueRequired\":true,\"valueName\":\"search_term_string\"}}],\"inLanguage\":\"sv-SE\"},{\"@type\":\"Organization\",\"@id\":\"https:\\\/\\\/cleura.com\\\/sv\\\/#organization\",\"name\":\"Cleura\",\"url\":\"https:\\\/\\\/cleura.com\\\/sv\\\/\",\"logo\":{\"@type\":\"ImageObject\",\"inLanguage\":\"sv-SE\",\"@id\":\"https:\\\/\\\/cleura.com\\\/sv\\\/#\\\/schema\\\/logo\\\/image\\\/\",\"url\":\"https:\\\/\\\/cleura.com\\\/wp-content\\\/uploads\\\/2022\\\/04\\\/Cleura-Logotyp-Svart.png\",\"contentUrl\":\"https:\\\/\\\/cleura.com\\\/wp-content\\\/uploads\\\/2022\\\/04\\\/Cleura-Logotyp-Svart.png\",\"width\":1000,\"height\":237,\"caption\":\"Cleura\"},\"image\":{\"@id\":\"https:\\\/\\\/cleura.com\\\/sv\\\/#\\\/schema\\\/logo\\\/image\\\/\"},\"sameAs\":[\"https:\\\/\\\/www.facebook.com\\\/CleuraCloud\",\"https:\\\/\\\/x.com\\\/cleuracloud\",\"https:\\\/\\\/www.linkedin.com\\\/company\\\/cleura\",\"https:\\\/\\\/www.youtube.com\\\/c\\\/Cleura\"]}]}<\/script>\n<!-- \/ Yoast SEO Premium plugin. -->","yoast_head_json":{"title":"Branscher - Cleura - Molntj\u00e4nster","description":"Cleura levererar molntj\u00e4nster till m\u00e5nga branscher - n\u00e5gra av v\u00e4rldens st\u00f6rsta s\u00e4kerhetsf\u00f6retag, banker, finansinstitut samt startups.","robots":{"index":"index","follow":"follow","max-snippet":"max-snippet:-1","max-image-preview":"max-image-preview:large","max-video-preview":"max-video-preview:-1"},"canonical":"https:\/\/cleura.com\/sv\/branshcer\/","og_locale":"sv_SE","og_type":"article","og_title":"Branscher","og_description":"Cleura levererar molntj\u00e4nster till m\u00e5nga branscher - n\u00e5gra av v\u00e4rldens st\u00f6rsta s\u00e4kerhetsf\u00f6retag, banker, finansinstitut samt startups.","og_url":"https:\/\/cleura.com\/sv\/branshcer\/","og_site_name":"Cleura","article_publisher":"https:\/\/www.facebook.com\/CleuraCloud","article_modified_time":"2026-02-18T08:31:49+00:00","og_image":[{"url":"https:\/\/cleura.com\/wp-content\/uploads\/2022\/04\/david-rodrigo-470187-unsplash-1.jpg","type":"","width":"","height":""}],"twitter_card":"summary_large_image","twitter_description":"Cleura levererar molntj\u00e4nster till m\u00e5nga branscher - n\u00e5gra av v\u00e4rldens st\u00f6rsta s\u00e4kerhetsf\u00f6retag, banker, finansinstitut samt startups.","twitter_site":"@cleuracloud","twitter_misc":{"Ber\u00e4knad l\u00e4stid":"1 minut"},"schema":{"@context":"https:\/\/schema.org","@graph":[{"@type":"WebPage","@id":"https:\/\/cleura.com\/sv\/branshcer\/","url":"https:\/\/cleura.com\/sv\/branshcer\/","name":"Branscher - Cleura - Molntj\u00e4nster","isPartOf":{"@id":"https:\/\/cleura.com\/sv\/#website"},"primaryImageOfPage":{"@id":"https:\/\/cleura.com\/sv\/branshcer\/#primaryimage"},"image":{"@id":"https:\/\/cleura.com\/sv\/branshcer\/#primaryimage"},"thumbnailUrl":"https:\/\/cleura.com\/wp-content\/uploads\/2022\/04\/david-rodrigo-470187-unsplash-1.jpg","datePublished":"2022-03-10T07:40:11+00:00","dateModified":"2026-02-18T08:31:49+00:00","description":"Cleura levererar molntj\u00e4nster till m\u00e5nga branscher - n\u00e5gra av v\u00e4rldens st\u00f6rsta s\u00e4kerhetsf\u00f6retag, banker, finansinstitut samt startups.","breadcrumb":{"@id":"https:\/\/cleura.com\/sv\/branshcer\/#breadcrumb"},"inLanguage":"sv-SE","potentialAction":[{"@type":"ReadAction","target":["https:\/\/cleura.com\/sv\/branshcer\/"]}]},{"@type":"ImageObject","inLanguage":"sv-SE","@id":"https:\/\/cleura.com\/sv\/branshcer\/#primaryimage","url":"https:\/\/cleura.com\/wp-content\/uploads\/2022\/04\/david-rodrigo-470187-unsplash-1.jpg","contentUrl":"https:\/\/cleura.com\/wp-content\/uploads\/2022\/04\/david-rodrigo-470187-unsplash-1.jpg"},{"@type":"BreadcrumbList","@id":"https:\/\/cleura.com\/sv\/branshcer\/#breadcrumb","itemListElement":[{"@type":"ListItem","position":1,"name":"Hem","item":"https:\/\/cleura.com\/sv\/cleura-det-europeiska-molnet\/"},{"@type":"ListItem","position":2,"name":"Branscher"}]},{"@type":"WebSite","@id":"https:\/\/cleura.com\/sv\/#website","url":"https:\/\/cleura.com\/sv\/","name":"Cleura","description":"Freedom to innovate","publisher":{"@id":"https:\/\/cleura.com\/sv\/#organization"},"potentialAction":[{"@type":"SearchAction","target":{"@type":"EntryPoint","urlTemplate":"https:\/\/cleura.com\/sv\/?s={search_term_string}"},"query-input":{"@type":"PropertyValueSpecification","valueRequired":true,"valueName":"search_term_string"}}],"inLanguage":"sv-SE"},{"@type":"Organization","@id":"https:\/\/cleura.com\/sv\/#organization","name":"Cleura","url":"https:\/\/cleura.com\/sv\/","logo":{"@type":"ImageObject","inLanguage":"sv-SE","@id":"https:\/\/cleura.com\/sv\/#\/schema\/logo\/image\/","url":"https:\/\/cleura.com\/wp-content\/uploads\/2022\/04\/Cleura-Logotyp-Svart.png","contentUrl":"https:\/\/cleura.com\/wp-content\/uploads\/2022\/04\/Cleura-Logotyp-Svart.png","width":1000,"height":237,"caption":"Cleura"},"image":{"@id":"https:\/\/cleura.com\/sv\/#\/schema\/logo\/image\/"},"sameAs":["https:\/\/www.facebook.com\/CleuraCloud","https:\/\/x.com\/cleuracloud","https:\/\/www.linkedin.com\/company\/cleura","https:\/\/www.youtube.com\/c\/Cleura"]}]}},"_links":{"self":[{"href":"https:\/\/cleura.com\/sv\/wp-json\/wp\/v2\/pages\/8551","targetHints":{"allow":["GET"]}}],"collection":[{"href":"https:\/\/cleura.com\/sv\/wp-json\/wp\/v2\/pages"}],"about":[{"href":"https:\/\/cleura.com\/sv\/wp-json\/wp\/v2\/types\/page"}],"author":[{"embeddable":true,"href":"https:\/\/cleura.com\/sv\/wp-json\/wp\/v2\/users\/1"}],"replies":[{"embeddable":true,"href":"https:\/\/cleura.com\/sv\/wp-json\/wp\/v2\/comments?post=8551"}],"version-history":[{"count":19,"href":"https:\/\/cleura.com\/sv\/wp-json\/wp\/v2\/pages\/8551\/revisions"}],"predecessor-version":[{"id":30582,"href":"https:\/\/cleura.com\/sv\/wp-json\/wp\/v2\/pages\/8551\/revisions\/30582"}],"wp:attachment":[{"href":"https:\/\/cleura.com\/sv\/wp-json\/wp\/v2\/media?parent=8551"}],"curies":[{"name":"wp","href":"https:\/\/api.w.org\/{rel}","templated":true}]}}