{"id":9038,"date":"2022-04-06T06:36:32","date_gmt":"2022-04-06T06:36:32","guid":{"rendered":"https:\/\/cleura.com\/integrators\/"},"modified":"2025-12-03T09:26:34","modified_gmt":"2025-12-03T08:26:34","slug":"integratorer","status":"publish","type":"page","link":"https:\/\/cleura.com\/sv\/integratorer\/","title":{"rendered":"Integrat\u00f6rer"},"content":{"rendered":"<div id=\"cs-content\" class=\"cs-content\"><div class=\"x-section e9038-e1 m6z2-0 m6z2-1 m6z2-2 m6z2-3 m6z2-4 m6z2-5\"><div class=\"x-bg\" aria-hidden=\"true\"><div class=\"x-bg-layer-lower-custom\"><img decoding=\"async\"\n    src=\"https:\/\/cleura.com\/wp-content\/uploads\/2025\/10\/cleura-public_cloud-background-header-image-1080.jpg\"\n    loading=\"eager\"\n    fetchpriority=\"high\"\n    class=\"header-image-position\"\n  \/><\/div><div class=\"x-bg-layer-upper-color\"><\/div><\/div><div class=\"x-row x-container max width e9038-e2 m6z2-h m6z2-i m6z2-j m6z2-k m6z2-l m6z2-w\"><div class=\"x-row-inner\"><div class=\"x-col e9038-e3 m6z2-15 m6z2-16 m6z2-17 m6z2-18 m6z2-19 m6z2-1a m6z2-1b\"><div class=\"x-text x-text-headline e9038-e5 m6z2-1m m6z2-1n m6z2-1s m6z2-1t m6z2-1u m6z2-1v m6z2-1w m6z2-1x\"><div class=\"x-text-content\"><div class=\"x-text-content-text\"><h1 class=\"x-text-content-text-primary\">Integrat\u00f6rer<\/h1>\n<\/div><\/div><\/div><\/div><\/div><\/div><\/div><div class=\"x-section e9038-e42 m6z2-0 m6z2-1 m6z2-2 m6z2-3 m6z2-c\"><div class=\"x-row e9038-e43 m6z2-j m6z2-l m6z2-p m6z2-q m6z2-u m6z2-13\"><div class=\"x-row-inner\"><div class=\"x-col e9038-e44 m6z2-1a m6z2-1f m6z2-1g m6z2-1h\"><div class=\"x-div e9038-e45 m6z2-30 m6z2-34 m6z2-35 m6z2-36 m6z2-37 m6z2-38 m6z2-3x m6z2-3y\"><div class=\"x-text x-text-headline e9038-e46 m6z2-1m m6z2-1r m6z2-1t m6z2-1x m6z2-1y m6z2-1z m6z2-23 m6z2-24 m6z2-28\"><div class=\"x-text-content\"><div class=\"x-text-content-text\"><h2 class=\"x-text-content-text-primary\">Integrat\u00f6rer<\/h2>\n<\/div><\/div><\/div><a class=\"x-anchor x-anchor-button has-graphic e9038-e47 m6z2-44 m6z2-46\" tabindex=\"0\" href=\"#iver\"><div class=\"x-anchor-content\"><span class=\"x-graphic\" aria-hidden=\"true\"><span class=\"x-icon x-graphic-child x-graphic-icon x-graphic-primary\" aria-hidden=\"true\"><svg xmlns=\"http:\/\/www.w3.org\/2000\/svg\" viewBox=\"0 0 320 512\"><!--! Font Awesome Pro 6.7.2 by @fontawesome - https:\/\/fontawesome.com License - https:\/\/fontawesome.com\/license (Commercial License) Copyright 2024 Fonticons, Inc. --><path d=\"M278.6 233.4c12.5 12.5 12.5 32.8 0 45.3l-160 160c-12.5 12.5-32.8 12.5-45.3 0s-12.5-32.8 0-45.3L210.7 256 73.4 118.6c-12.5-12.5-12.5-32.8 0-45.3s32.8-12.5 45.3 0l160 160z\"\/><\/svg><\/span><\/span><div class=\"x-anchor-text\"><span class=\"x-anchor-text-primary\">Iver<\/span><\/div><\/div><\/a><a class=\"x-anchor x-anchor-button has-graphic e9038-e48 m6z2-44 m6z2-46\" tabindex=\"0\" href=\"#hiq\"><div class=\"x-anchor-content\"><span class=\"x-graphic\" aria-hidden=\"true\"><span class=\"x-icon x-graphic-child x-graphic-icon x-graphic-primary\" aria-hidden=\"true\"><svg xmlns=\"http:\/\/www.w3.org\/2000\/svg\" viewBox=\"0 0 320 512\"><!--! Font Awesome Pro 6.7.2 by @fontawesome - https:\/\/fontawesome.com License - https:\/\/fontawesome.com\/license (Commercial License) Copyright 2024 Fonticons, Inc. --><path d=\"M278.6 233.4c12.5 12.5 12.5 32.8 0 45.3l-160 160c-12.5 12.5-32.8 12.5-45.3 0s-12.5-32.8 0-45.3L210.7 256 73.4 118.6c-12.5-12.5-12.5-32.8 0-45.3s32.8-12.5 45.3 0l160 160z\"\/><\/svg><\/span><\/span><div class=\"x-anchor-text\"><span class=\"x-anchor-text-primary\">HiQ<\/span><\/div><\/div><\/a><\/div><\/div><div class=\"x-col e9038-e49 m6z2-1a m6z2-1f m6z2-1g m6z2-1h\"><div class=\"x-row e9038-e50 m6z2-i m6z2-j m6z2-l m6z2-o m6z2-p m6z2-v m6z2-14\"><div class=\"x-row-inner\"><div class=\"x-col e9038-e51 m6z2-1a m6z2-1g m6z2-1i\"><div class=\"x-text x-content e9038-e52 m6z2-2c m6z2-2e m6z2-2k m6z2-2m m6z2-2q m6z2-2t m6z2-2v m6z2-2w m6z2-2x\">V\u00e5ra p\u00e5litliga integrat\u00f6rer \u00e4r olika tj\u00e4nsteleverant\u00f6rer och konsultf\u00f6retag som vi har en speciell relation med, en som str\u00e4cker sig l\u00e4ngre \u00e4n ett undertecknat partneravtal. Detta \u00e4r betydande och inflytelserika leverant\u00f6rer av IT-tj\u00e4nster som delar v\u00e5r v\u00e4rldsbild, och de \u00e4r avg\u00f6rande f\u00f6r att g\u00f6ra molntj\u00e4nster med inbyggd regelefterlevnad mer tillg\u00e4ngliga f\u00f6r allm\u00e4nheten.<\/div><div class=\"x-text x-text-headline e9038-e53 m6z2-1m m6z2-1r m6z2-1t m6z2-1z m6z2-21 m6z2-23 m6z2-24 m6z2-29\"><div class=\"x-text-content\"><div class=\"x-text-content-text\"><h2 class=\"x-text-content-text-primary\">V\u00e4lj din it-partner med omsorg<\/h2>\n<\/div><\/div><\/div><div class=\"x-text x-content e9038-e54 m6z2-2c m6z2-2e m6z2-2f m6z2-2l m6z2-2m m6z2-2o m6z2-2q m6z2-2t m6z2-2w m6z2-2x m6z2-2y\">Molntj\u00e4nster, och IaaS i synnerhet, \u00e4r bara en av komponenterna i din digitala stack. M\u00e5nga organisationer l\u00e4gger ut IT-projekt p\u00e5 tj\u00e4nsteleverant\u00f6rer och konsultf\u00f6retag eftersom de beh\u00f6ver ett helhetsgrepp p\u00e5 sin digitaliseringsresa.\n<br>\n<br>\nH\u00e4r hittar du v\u00e5ra p\u00e5litliga integrat\u00f6rer som vi arbetar n\u00e4ra med. De erbjuder v\u00e5ra molntj\u00e4nster som en del av sin portf\u00f6lj och vi drar nytta av olika synergier mellan v\u00e5ra f\u00f6retag. De delar alla v\u00e5r syn p\u00e5 v\u00e4rlden och tillsammans str\u00e4var vi efter att f\u00f6rb\u00e4ttra europeisk digital suver\u00e4nitet och sj\u00e4lvf\u00f6rs\u00f6rjning genom att g\u00f6ra europeiska molntj\u00e4nster mer tillg\u00e4ngliga f\u00f6r allm\u00e4nheten.<\/div><\/div><div class=\"x-col e9038-e55 m6z2-15 m6z2-19 m6z2-1a m6z2-1b m6z2-1d m6z2-1j m6z2-1k m6z2-g x-effect-exit\" id=\"iver\" data-x-effect=\"{&quot;scroll&quot;:true,&quot;offsetTop&quot;:&quot;10%&quot;,&quot;offsetBottom&quot;:&quot;10%&quot;,&quot;behaviorScroll&quot;:&quot;fire-once&quot;,&quot;animationEnter&quot;:&quot;fadeIn&quot;,&quot;animationExit&quot;:&quot;rollOut&quot;}\"><div class=\"x-div e9038-e56 m6z2-30 m6z2-31 m6z2-33 m6z2-35 m6z2-36 m6z2-3c m6z2-3f m6z2-3h m6z2-3u m6z2-3z m6z2-40 m6z2-41\"><div class=\"x-bg\" aria-hidden=\"true\"><div class=\"x-bg-layer-lower-image\"><\/div><\/div><div class=\"x-div e9038-e57 m6z2-30 m6z2-33 m6z2-35 m6z2-37 m6z2-3a m6z2-3t m6z2-3x m6z2-3z m6z2-42\"><span class=\"x-image e9038-e58 m6z2-48\"><img decoding=\"async\" src=\"https:\/\/cleura.com\/wp-content\/uploads\/2022\/03\/I_Lh_Black_RGB-28d41ef58cb84de305113f1f97ebe859.png\" width=\"1280\" height=\"668\" alt=\"Image\" loading=\"lazy\"><\/span><\/div><\/div><div class=\"x-text x-text-headline e9038-e59 m6z2-1m m6z2-1q m6z2-1t m6z2-1v m6z2-1y m6z2-1z m6z2-21 m6z2-2a\"><div class=\"x-text-content\"><div class=\"x-text-content-text\"><h3 class=\"x-text-content-text-primary\">Iver<\/h3>\n<\/div><\/div><\/div><div class=\"x-text x-content e9038-e60 m6z2-2c m6z2-2f m6z2-2h m6z2-2m m6z2-2w m6z2-2z\">Iver \u00e4r en ledande nordisk digital transformationspartner med ett starkt multi-cloud-erbjudande. Med en kombination av dedikerade experter, managed services och en kultur d\u00e4r kunden st\u00e5r i centrum, driver vi digital transformation som st\u00e4nger gapet mellan aspiration och framg\u00e5ngsrik implementation. L\u00f6ftet till v\u00e5ra kunder \u00e4r tydligt: Vi lovar att alltid finnas \u201dBeside you\u201d, \u201dBehind you\u201d och \u201dBefore you\u201d.\n<br>\n<br>\nL\u00e4s mer om <a href=\"https:\/\/www.iver.se\/\" target=\"_blank\">Iver<\/a> \u2013 Where technology meets business<\/div><\/div><div class=\"x-col e9038-e61 m6z2-15 m6z2-19 m6z2-1a m6z2-1d m6z2-1g m6z2-1h m6z2-1j m6z2-1l m6z2-g x-effect-exit\" id=\"hiq\" data-x-effect=\"{&quot;scroll&quot;:true,&quot;offsetTop&quot;:&quot;10%&quot;,&quot;offsetBottom&quot;:&quot;10%&quot;,&quot;behaviorScroll&quot;:&quot;fire-once&quot;,&quot;animationEnter&quot;:&quot;fadeIn&quot;,&quot;animationExit&quot;:&quot;rollOut&quot;}\"><div class=\"x-div e9038-e62 m6z2-30 m6z2-31 m6z2-33 m6z2-35 m6z2-36 m6z2-3c m6z2-3f m6z2-3h m6z2-3u m6z2-3z m6z2-40 m6z2-43\"><div class=\"x-bg\" aria-hidden=\"true\"><div class=\"x-bg-layer-lower-image\"><\/div><\/div><div class=\"x-div e9038-e63 m6z2-30 m6z2-33 m6z2-35 m6z2-37 m6z2-3a m6z2-3t m6z2-3x m6z2-3z m6z2-42\"><span class=\"x-image e9038-e64 m6z2-48\"><img decoding=\"async\" src=\"https:\/\/cleura.com\/wp-content\/uploads\/2022\/04\/HiQ_logo_black-copy-7649a2202bd2d06178710a31cda5d457.png\" width=\"1073\" height=\"562\" alt=\"Image\" loading=\"lazy\"><\/span><\/div><\/div><div class=\"x-text x-text-headline e9038-e65 m6z2-1m m6z2-1q m6z2-1t m6z2-1v m6z2-1y m6z2-1z m6z2-21 m6z2-2a\"><div class=\"x-text-content\"><div class=\"x-text-content-text\"><h3 class=\"x-text-content-text-primary\">HiQ<\/h3>\n<\/div><\/div><\/div><div class=\"x-text x-content e9038-e66 m6z2-2c m6z2-2f m6z2-2h m6z2-2m m6z2-2w m6z2-2z\">P\u00e5 HiQ f\u00f6renklar vi m\u00e4nniskors liv genom att anv\u00e4nda teknik, design och kreativitet f\u00f6r att bygga smarta l\u00f6sningar, f\u00f6retag och varum\u00e4rken. Vi \u00e4r \u00f6vertygade om att teknisk utveckling \u00e4r det b\u00e4sta s\u00e4ttet att g\u00f6ra v\u00e4rlden b\u00e4ttre, mer h\u00e5llbar, smidigare, s\u00e4krare \u2013 och roligare. Fr\u00e5n fyra killar \u00e5r 1995 \u00e4r vi idag ett teknikkonsultf\u00f6retag i fem l\u00e4nder med n\u00e4ra 1 800 briljanta kodare, kreat\u00f6rer och och aff\u00e4rsm\u00e4n. Vi \u00e4gs sedan 2020 av Triton och v\u00e5r bas \u00e4r i Norden, men v\u00e5ra l\u00f6sningar l\u00e4mnar avtryck \u00f6ver hela planeten.<\/div><\/div><\/div><\/div><\/div><\/div><\/div><\/div><\/div>","protected":false},"excerpt":{"rendered":"<p>Integrat\u00f6rer Integrat\u00f6rer IverHiQV\u00e5ra p\u00e5litliga integrat\u00f6rer \u00e4r olika tj\u00e4nsteleverant\u00f6rer och konsultf\u00f6retag som vi har en speciell relation med, en som str\u00e4cker sig l\u00e4ngre \u00e4n ett undertecknat partneravtal. Detta \u00e4r betydande och inflytelserika leverant\u00f6rer av IT-tj\u00e4nster som delar v\u00e5r v\u00e4rldsbild, och de \u00e4r avg\u00f6rande f\u00f6r att g\u00f6ra molntj\u00e4nster med inbyggd regelefterlevnad mer tillg\u00e4ngliga f\u00f6r allm\u00e4nheten.V\u00e4lj din it-partner med omsorg Molntj\u00e4nster, och IaaS &#8230; <\/p>\n<div><a href=\"https:\/\/cleura.com\/sv\/integratorer\/\" class=\"more-link\">Read More<\/a><\/div>\n","protected":false},"author":1,"featured_media":0,"parent":0,"menu_order":0,"comment_status":"closed","ping_status":"closed","template":"template-blank-4.php","meta":{"footnotes":""},"class_list":["post-9038","page","type-page","status-publish","hentry","no-post-thumbnail"],"yoast_head":"<!-- This site is optimized with the Yoast SEO Premium plugin v27.3 (Yoast SEO v27.3) - https:\/\/yoast.com\/product\/yoast-seo-premium-wordpress\/ -->\n<title>Molnintegrat\u00f6rer<\/title>\n<meta name=\"description\" content=\"Cleuras molnintegrat\u00f6rer \u00e4r avg\u00f6rande f\u00f6r att g\u00f6ra molntj\u00e4nster med inbyggd regelefterlevnad mer tillg\u00e4ngliga f\u00f6r allm\u00e4nheten.\" \/>\n<meta name=\"robots\" content=\"index, follow, max-snippet:-1, max-image-preview:large, max-video-preview:-1\" \/>\n<link rel=\"canonical\" href=\"https:\/\/cleura.com\/sv\/integratorer\/\" \/>\n<meta property=\"og:locale\" content=\"sv_SE\" \/>\n<meta property=\"og:type\" content=\"article\" \/>\n<meta property=\"og:title\" content=\"Integrat\u00f6rer\" \/>\n<meta property=\"og:description\" content=\"Cleuras molnintegrat\u00f6rer \u00e4r avg\u00f6rande f\u00f6r att g\u00f6ra molntj\u00e4nster med inbyggd regelefterlevnad mer tillg\u00e4ngliga f\u00f6r allm\u00e4nheten.\" \/>\n<meta property=\"og:url\" content=\"https:\/\/cleura.com\/sv\/integratorer\/\" \/>\n<meta property=\"og:site_name\" content=\"Cleura\" \/>\n<meta property=\"article:publisher\" content=\"https:\/\/www.facebook.com\/CleuraCloud\" \/>\n<meta property=\"article:modified_time\" content=\"2025-12-03T08:26:34+00:00\" \/>\n<meta property=\"og:image\" content=\"https:\/\/cleura.com\/wp-content\/uploads\/2022\/03\/I_Lh_Black_RGB-28d41ef58cb84de305113f1f97ebe859.png\" \/>\n<meta name=\"twitter:card\" content=\"summary_large_image\" \/>\n<meta name=\"twitter:description\" content=\"Cleuras molnintegrat\u00f6rer \u00e4r avg\u00f6rande f\u00f6r att g\u00f6ra molntj\u00e4nster med inbyggd regelefterlevnad mer tillg\u00e4ngliga f\u00f6r allm\u00e4nheten.\" \/>\n<meta name=\"twitter:site\" content=\"@cleuracloud\" \/>\n<meta name=\"twitter:label1\" content=\"Ber\u00e4knad l\u00e4stid\" \/>\n\t<meta name=\"twitter:data1\" content=\"1 minut\" \/>\n<script type=\"application\/ld+json\" class=\"yoast-schema-graph\">{\"@context\":\"https:\\\/\\\/schema.org\",\"@graph\":[{\"@type\":\"WebPage\",\"@id\":\"https:\\\/\\\/cleura.com\\\/sv\\\/integratorer\\\/\",\"url\":\"https:\\\/\\\/cleura.com\\\/sv\\\/integratorer\\\/\",\"name\":\"Molnintegrat\u00f6rer\",\"isPartOf\":{\"@id\":\"https:\\\/\\\/cleura.com\\\/sv\\\/#website\"},\"primaryImageOfPage\":{\"@id\":\"https:\\\/\\\/cleura.com\\\/sv\\\/integratorer\\\/#primaryimage\"},\"image\":{\"@id\":\"https:\\\/\\\/cleura.com\\\/sv\\\/integratorer\\\/#primaryimage\"},\"thumbnailUrl\":\"https:\\\/\\\/cleura.com\\\/wp-content\\\/uploads\\\/2022\\\/03\\\/I_Lh_Black_RGB-28d41ef58cb84de305113f1f97ebe859.png\",\"datePublished\":\"2022-04-06T06:36:32+00:00\",\"dateModified\":\"2025-12-03T08:26:34+00:00\",\"description\":\"Cleuras molnintegrat\u00f6rer \u00e4r avg\u00f6rande f\u00f6r att g\u00f6ra molntj\u00e4nster med inbyggd regelefterlevnad mer tillg\u00e4ngliga f\u00f6r allm\u00e4nheten.\",\"breadcrumb\":{\"@id\":\"https:\\\/\\\/cleura.com\\\/sv\\\/integratorer\\\/#breadcrumb\"},\"inLanguage\":\"sv-SE\",\"potentialAction\":[{\"@type\":\"ReadAction\",\"target\":[\"https:\\\/\\\/cleura.com\\\/sv\\\/integratorer\\\/\"]}]},{\"@type\":\"ImageObject\",\"inLanguage\":\"sv-SE\",\"@id\":\"https:\\\/\\\/cleura.com\\\/sv\\\/integratorer\\\/#primaryimage\",\"url\":\"https:\\\/\\\/cleura.com\\\/wp-content\\\/uploads\\\/2022\\\/03\\\/I_Lh_Black_RGB-28d41ef58cb84de305113f1f97ebe859.png\",\"contentUrl\":\"https:\\\/\\\/cleura.com\\\/wp-content\\\/uploads\\\/2022\\\/03\\\/I_Lh_Black_RGB-28d41ef58cb84de305113f1f97ebe859.png\"},{\"@type\":\"BreadcrumbList\",\"@id\":\"https:\\\/\\\/cleura.com\\\/sv\\\/integratorer\\\/#breadcrumb\",\"itemListElement\":[{\"@type\":\"ListItem\",\"position\":1,\"name\":\"Hem\",\"item\":\"https:\\\/\\\/cleura.com\\\/sv\\\/cleura-det-europeiska-molnet\\\/\"},{\"@type\":\"ListItem\",\"position\":2,\"name\":\"Integrat\u00f6rer\"}]},{\"@type\":\"WebSite\",\"@id\":\"https:\\\/\\\/cleura.com\\\/sv\\\/#website\",\"url\":\"https:\\\/\\\/cleura.com\\\/sv\\\/\",\"name\":\"Cleura\",\"description\":\"Freedom to innovate\",\"publisher\":{\"@id\":\"https:\\\/\\\/cleura.com\\\/sv\\\/#organization\"},\"potentialAction\":[{\"@type\":\"SearchAction\",\"target\":{\"@type\":\"EntryPoint\",\"urlTemplate\":\"https:\\\/\\\/cleura.com\\\/sv\\\/?s={search_term_string}\"},\"query-input\":{\"@type\":\"PropertyValueSpecification\",\"valueRequired\":true,\"valueName\":\"search_term_string\"}}],\"inLanguage\":\"sv-SE\"},{\"@type\":\"Organization\",\"@id\":\"https:\\\/\\\/cleura.com\\\/sv\\\/#organization\",\"name\":\"Cleura\",\"url\":\"https:\\\/\\\/cleura.com\\\/sv\\\/\",\"logo\":{\"@type\":\"ImageObject\",\"inLanguage\":\"sv-SE\",\"@id\":\"https:\\\/\\\/cleura.com\\\/sv\\\/#\\\/schema\\\/logo\\\/image\\\/\",\"url\":\"https:\\\/\\\/cleura.com\\\/wp-content\\\/uploads\\\/2022\\\/04\\\/Cleura-Logotyp-Svart.png\",\"contentUrl\":\"https:\\\/\\\/cleura.com\\\/wp-content\\\/uploads\\\/2022\\\/04\\\/Cleura-Logotyp-Svart.png\",\"width\":1000,\"height\":237,\"caption\":\"Cleura\"},\"image\":{\"@id\":\"https:\\\/\\\/cleura.com\\\/sv\\\/#\\\/schema\\\/logo\\\/image\\\/\"},\"sameAs\":[\"https:\\\/\\\/www.facebook.com\\\/CleuraCloud\",\"https:\\\/\\\/x.com\\\/cleuracloud\",\"https:\\\/\\\/www.linkedin.com\\\/company\\\/cleura\",\"https:\\\/\\\/www.youtube.com\\\/c\\\/Cleura\"]}]}<\/script>\n<!-- \/ Yoast SEO Premium plugin. -->","yoast_head_json":{"title":"Molnintegrat\u00f6rer","description":"Cleuras molnintegrat\u00f6rer \u00e4r avg\u00f6rande f\u00f6r att g\u00f6ra molntj\u00e4nster med inbyggd regelefterlevnad mer tillg\u00e4ngliga f\u00f6r allm\u00e4nheten.","robots":{"index":"index","follow":"follow","max-snippet":"max-snippet:-1","max-image-preview":"max-image-preview:large","max-video-preview":"max-video-preview:-1"},"canonical":"https:\/\/cleura.com\/sv\/integratorer\/","og_locale":"sv_SE","og_type":"article","og_title":"Integrat\u00f6rer","og_description":"Cleuras molnintegrat\u00f6rer \u00e4r avg\u00f6rande f\u00f6r att g\u00f6ra molntj\u00e4nster med inbyggd regelefterlevnad mer tillg\u00e4ngliga f\u00f6r allm\u00e4nheten.","og_url":"https:\/\/cleura.com\/sv\/integratorer\/","og_site_name":"Cleura","article_publisher":"https:\/\/www.facebook.com\/CleuraCloud","article_modified_time":"2025-12-03T08:26:34+00:00","og_image":[{"url":"https:\/\/cleura.com\/wp-content\/uploads\/2022\/03\/I_Lh_Black_RGB-28d41ef58cb84de305113f1f97ebe859.png","type":"","width":"","height":""}],"twitter_card":"summary_large_image","twitter_description":"Cleuras molnintegrat\u00f6rer \u00e4r avg\u00f6rande f\u00f6r att g\u00f6ra molntj\u00e4nster med inbyggd regelefterlevnad mer tillg\u00e4ngliga f\u00f6r allm\u00e4nheten.","twitter_site":"@cleuracloud","twitter_misc":{"Ber\u00e4knad l\u00e4stid":"1 minut"},"schema":{"@context":"https:\/\/schema.org","@graph":[{"@type":"WebPage","@id":"https:\/\/cleura.com\/sv\/integratorer\/","url":"https:\/\/cleura.com\/sv\/integratorer\/","name":"Molnintegrat\u00f6rer","isPartOf":{"@id":"https:\/\/cleura.com\/sv\/#website"},"primaryImageOfPage":{"@id":"https:\/\/cleura.com\/sv\/integratorer\/#primaryimage"},"image":{"@id":"https:\/\/cleura.com\/sv\/integratorer\/#primaryimage"},"thumbnailUrl":"https:\/\/cleura.com\/wp-content\/uploads\/2022\/03\/I_Lh_Black_RGB-28d41ef58cb84de305113f1f97ebe859.png","datePublished":"2022-04-06T06:36:32+00:00","dateModified":"2025-12-03T08:26:34+00:00","description":"Cleuras molnintegrat\u00f6rer \u00e4r avg\u00f6rande f\u00f6r att g\u00f6ra molntj\u00e4nster med inbyggd regelefterlevnad mer tillg\u00e4ngliga f\u00f6r allm\u00e4nheten.","breadcrumb":{"@id":"https:\/\/cleura.com\/sv\/integratorer\/#breadcrumb"},"inLanguage":"sv-SE","potentialAction":[{"@type":"ReadAction","target":["https:\/\/cleura.com\/sv\/integratorer\/"]}]},{"@type":"ImageObject","inLanguage":"sv-SE","@id":"https:\/\/cleura.com\/sv\/integratorer\/#primaryimage","url":"https:\/\/cleura.com\/wp-content\/uploads\/2022\/03\/I_Lh_Black_RGB-28d41ef58cb84de305113f1f97ebe859.png","contentUrl":"https:\/\/cleura.com\/wp-content\/uploads\/2022\/03\/I_Lh_Black_RGB-28d41ef58cb84de305113f1f97ebe859.png"},{"@type":"BreadcrumbList","@id":"https:\/\/cleura.com\/sv\/integratorer\/#breadcrumb","itemListElement":[{"@type":"ListItem","position":1,"name":"Hem","item":"https:\/\/cleura.com\/sv\/cleura-det-europeiska-molnet\/"},{"@type":"ListItem","position":2,"name":"Integrat\u00f6rer"}]},{"@type":"WebSite","@id":"https:\/\/cleura.com\/sv\/#website","url":"https:\/\/cleura.com\/sv\/","name":"Cleura","description":"Freedom to innovate","publisher":{"@id":"https:\/\/cleura.com\/sv\/#organization"},"potentialAction":[{"@type":"SearchAction","target":{"@type":"EntryPoint","urlTemplate":"https:\/\/cleura.com\/sv\/?s={search_term_string}"},"query-input":{"@type":"PropertyValueSpecification","valueRequired":true,"valueName":"search_term_string"}}],"inLanguage":"sv-SE"},{"@type":"Organization","@id":"https:\/\/cleura.com\/sv\/#organization","name":"Cleura","url":"https:\/\/cleura.com\/sv\/","logo":{"@type":"ImageObject","inLanguage":"sv-SE","@id":"https:\/\/cleura.com\/sv\/#\/schema\/logo\/image\/","url":"https:\/\/cleura.com\/wp-content\/uploads\/2022\/04\/Cleura-Logotyp-Svart.png","contentUrl":"https:\/\/cleura.com\/wp-content\/uploads\/2022\/04\/Cleura-Logotyp-Svart.png","width":1000,"height":237,"caption":"Cleura"},"image":{"@id":"https:\/\/cleura.com\/sv\/#\/schema\/logo\/image\/"},"sameAs":["https:\/\/www.facebook.com\/CleuraCloud","https:\/\/x.com\/cleuracloud","https:\/\/www.linkedin.com\/company\/cleura","https:\/\/www.youtube.com\/c\/Cleura"]}]}},"_links":{"self":[{"href":"https:\/\/cleura.com\/sv\/wp-json\/wp\/v2\/pages\/9038","targetHints":{"allow":["GET"]}}],"collection":[{"href":"https:\/\/cleura.com\/sv\/wp-json\/wp\/v2\/pages"}],"about":[{"href":"https:\/\/cleura.com\/sv\/wp-json\/wp\/v2\/types\/page"}],"author":[{"embeddable":true,"href":"https:\/\/cleura.com\/sv\/wp-json\/wp\/v2\/users\/1"}],"replies":[{"embeddable":true,"href":"https:\/\/cleura.com\/sv\/wp-json\/wp\/v2\/comments?post=9038"}],"version-history":[{"count":17,"href":"https:\/\/cleura.com\/sv\/wp-json\/wp\/v2\/pages\/9038\/revisions"}],"predecessor-version":[{"id":29219,"href":"https:\/\/cleura.com\/sv\/wp-json\/wp\/v2\/pages\/9038\/revisions\/29219"}],"wp:attachment":[{"href":"https:\/\/cleura.com\/sv\/wp-json\/wp\/v2\/media?parent=9038"}],"curies":[{"name":"wp","href":"https:\/\/api.w.org\/{rel}","templated":true}]}}